{"id":52405,"date":"2025-01-05T10:38:33","date_gmt":"2025-01-05T09:38:33","guid":{"rendered":"https:\/\/murter.riot.hr\/?post_type=product&#038;p=52405"},"modified":"2025-04-21T06:38:57","modified_gmt":"2025-04-21T05:38:57","slug":"apartman-centar-new-a2-id-131","status":"publish","type":"product","link":"https:\/\/murter-online.com\/hr\/proizvod\/apartman-centar-new-a2-id-131\/","title":{"rendered":"Apartman za 2 osobe Centar New studio A2 ID 131"},"content":{"rendered":"","protected":false},"excerpt":{"rendered":"<p>Novore\u0111en, potpuno opremeljen apartman u blizini centra u mjestu Murter, marketa Tommy, mjesne Pla\u017ee Zdra\u010de. Apartman se nalazi u blizini Marine Murter te arheolo\u0161ke pla\u017ee Conlentum. To je studio apartman u kojem mogu boraviti dvije odrasle osobe.<\/p>\n","protected":false},"featured_media":24397,"template":"","meta":{"_acf_changed":false},"product_brand":[],"product_cat":[137],"product_tag":[],"class_list":{"0":"post-52405","1":"product","2":"type-product","3":"status-publish","4":"has-post-thumbnail","6":"product_cat-studio-apartmani","8":"first","9":"instock","10":"sold-individually","11":"shipping-taxable","12":"purchasable","13":"product-type-phive_booking"},"acf":[],"_links":{"self":[{"href":"https:\/\/murter-online.com\/hr\/wp-json\/wp\/v2\/product\/52405","targetHints":{"allow":["GET"]}}],"collection":[{"href":"https:\/\/murter-online.com\/hr\/wp-json\/wp\/v2\/product"}],"about":[{"href":"https:\/\/murter-online.com\/hr\/wp-json\/wp\/v2\/types\/product"}],"wp:featuredmedia":[{"embeddable":true,"href":"https:\/\/murter-online.com\/hr\/wp-json\/wp\/v2\/media\/24397"}],"wp:attachment":[{"href":"https:\/\/murter-online.com\/hr\/wp-json\/wp\/v2\/media?parent=52405"}],"wp:term":[{"taxonomy":"product_brand","embeddable":true,"href":"https:\/\/murter-online.com\/hr\/wp-json\/wp\/v2\/product_brand?post=52405"},{"taxonomy":"product_cat","embeddable":true,"href":"https:\/\/murter-online.com\/hr\/wp-json\/wp\/v2\/product_cat?post=52405"},{"taxonomy":"product_tag","embeddable":true,"href":"https:\/\/murter-online.com\/hr\/wp-json\/wp\/v2\/product_tag?post=52405"}],"curies":[{"name":"wp","href":"https:\/\/api.w.org\/{rel}","templated":true}]}}