{"id":52407,"date":"2025-01-05T10:35:08","date_gmt":"2025-01-05T09:35:08","guid":{"rendered":"https:\/\/murter.riot.hr\/?post_type=product&#038;p=52407"},"modified":"2025-04-21T06:27:41","modified_gmt":"2025-04-21T05:27:41","slug":"apartman-smjestaj-u-murteru-3-a21-studio-id-232","status":"publish","type":"product","link":"https:\/\/murter-online.com\/hr\/proizvod\/apartman-smjestaj-u-murteru-3-a21-studio-id-232\/","title":{"rendered":"Apartman za 2+1 osobe Smje\u0161taj u Murteru 3 ID 232"},"content":{"rendered":"","protected":false},"excerpt":{"rendered":"<p>Studio apartman za dvije ili tri osobe koji se nalazi na katu ku\u0107e i sastoji se od jednog bra\u010dnog kreveta i dje\u010djeg kreveta (kau\u010d na razvla\u010denje), kuhinje , kupaonice i terase (15m2). Apartman je opremljen sa TV i klima ure\u0111ajem, wi-fi, mikrovalna i fri\u017eider sa ledenicom. Ispred apartmana imamo i vanjski gril koji gosti u svakom trenutku mogu koristiti. Apartman se nalazi u Te\u017ea\u010dkoj ulici, jako blizu lokalne pla\u017ee Luke i pje\u0161\u010dane pla\u017ee Podvr\u0161ke. Parking je osiguran te se nalazi u dvori\u0161tu ku\u0107e.<\/p>\n","protected":false},"featured_media":24329,"template":"","meta":{"_acf_changed":false},"product_brand":[],"product_cat":[137],"product_tag":[],"class_list":{"0":"post-52407","1":"product","2":"type-product","3":"status-publish","4":"has-post-thumbnail","6":"product_cat-studio-apartmani","8":"first","9":"instock","10":"sold-individually","11":"shipping-taxable","12":"purchasable","13":"product-type-phive_booking"},"acf":[],"_links":{"self":[{"href":"https:\/\/murter-online.com\/hr\/wp-json\/wp\/v2\/product\/52407","targetHints":{"allow":["GET"]}}],"collection":[{"href":"https:\/\/murter-online.com\/hr\/wp-json\/wp\/v2\/product"}],"about":[{"href":"https:\/\/murter-online.com\/hr\/wp-json\/wp\/v2\/types\/product"}],"wp:featuredmedia":[{"embeddable":true,"href":"https:\/\/murter-online.com\/hr\/wp-json\/wp\/v2\/media\/24329"}],"wp:attachment":[{"href":"https:\/\/murter-online.com\/hr\/wp-json\/wp\/v2\/media?parent=52407"}],"wp:term":[{"taxonomy":"product_brand","embeddable":true,"href":"https:\/\/murter-online.com\/hr\/wp-json\/wp\/v2\/product_brand?post=52407"},{"taxonomy":"product_cat","embeddable":true,"href":"https:\/\/murter-online.com\/hr\/wp-json\/wp\/v2\/product_cat?post=52407"},{"taxonomy":"product_tag","embeddable":true,"href":"https:\/\/murter-online.com\/hr\/wp-json\/wp\/v2\/product_tag?post=52407"}],"curies":[{"name":"wp","href":"https:\/\/api.w.org\/{rel}","templated":true}]}}