{"id":52426,"date":"2025-01-05T14:44:21","date_gmt":"2025-01-05T13:44:21","guid":{"rendered":"https:\/\/murter.riot.hr\/?post_type=product&#038;p=52426"},"modified":"2025-01-26T11:05:30","modified_gmt":"2025-01-26T11:05:30","slug":"soba-stari-murter-a2-id-210","status":"publish","type":"product","link":"https:\/\/murter-online.com\/hr\/proizvod\/soba-stari-murter-a2-id-210\/","title":{"rendered":"Soba Stari Murter A2 ID 210"},"content":{"rendered":"","protected":false},"excerpt":{"rendered":"<p>Soba u Murteru za dvije osobe. Soba je smje\u0161tena u starom dijelu Murtera. Postoji pomo\u0107na kuhinja koja se mo\u017ee besplatno koristiti. Soba ima vlastitu kupaonicu, terasa se dijeli sa jo\u0161 jednom sobom i jednim jednosobnim apartmanom. Parking je osiguran i besplatan. Najbli\u017ea pla\u017ea se \u010cigra\u0111a.<\/p>\n","protected":false},"featured_media":27181,"template":"","meta":{"_acf_changed":false},"product_brand":[],"product_cat":[138],"product_tag":[],"class_list":{"0":"post-52426","1":"product","2":"type-product","3":"status-publish","4":"has-post-thumbnail","6":"product_cat-sobe","8":"first","9":"instock","10":"sold-individually","11":"shipping-taxable","12":"purchasable","13":"product-type-phive_booking"},"acf":[],"_links":{"self":[{"href":"https:\/\/murter-online.com\/hr\/wp-json\/wp\/v2\/product\/52426","targetHints":{"allow":["GET"]}}],"collection":[{"href":"https:\/\/murter-online.com\/hr\/wp-json\/wp\/v2\/product"}],"about":[{"href":"https:\/\/murter-online.com\/hr\/wp-json\/wp\/v2\/types\/product"}],"wp:featuredmedia":[{"embeddable":true,"href":"https:\/\/murter-online.com\/hr\/wp-json\/wp\/v2\/media\/27181"}],"wp:attachment":[{"href":"https:\/\/murter-online.com\/hr\/wp-json\/wp\/v2\/media?parent=52426"}],"wp:term":[{"taxonomy":"product_brand","embeddable":true,"href":"https:\/\/murter-online.com\/hr\/wp-json\/wp\/v2\/product_brand?post=52426"},{"taxonomy":"product_cat","embeddable":true,"href":"https:\/\/murter-online.com\/hr\/wp-json\/wp\/v2\/product_cat?post=52426"},{"taxonomy":"product_tag","embeddable":true,"href":"https:\/\/murter-online.com\/hr\/wp-json\/wp\/v2\/product_tag?post=52426"}],"curies":[{"name":"wp","href":"https:\/\/api.w.org\/{rel}","templated":true}]}}