{"id":52434,"date":"2025-01-05T14:38:27","date_gmt":"2025-01-05T13:38:27","guid":{"rendered":"https:\/\/murter.riot.hr\/?post_type=product&#038;p=52434"},"modified":"2025-01-26T11:09:53","modified_gmt":"2025-01-26T11:09:53","slug":"soba-murter-centar-a3","status":"publish","type":"product","link":"https:\/\/murter-online.com\/hr\/proizvod\/soba-murter-centar-a3\/","title":{"rendered":"Soba Murter Centar A3"},"content":{"rendered":"","protected":false},"excerpt":{"rendered":"<p>Soba za 3 osobe u centru Murtera!Nalazi se na izvrsnoj poziciji!Samo 250 metara od centra Murtera i 200 metara od gradske pla\u017ee Zdra\u010de u Betini. Soba ima vlastitu kupaonicu, klimu, WiFi, fri\u017eider i parking ispred objekta. Upotreba posteljine i ru\u010dnika ura\u010dunata je u cijenu.Ukoliko se soba iznajmljuje na samo jedno no\u0107enje cijena je 68 eura\/soba\/no\u0107enje.<\/p>\n","protected":false},"featured_media":27065,"template":"","meta":{"_acf_changed":false},"product_brand":[],"product_cat":[138],"product_tag":[],"class_list":{"0":"post-52434","1":"product","2":"type-product","3":"status-publish","4":"has-post-thumbnail","6":"product_cat-sobe","8":"first","9":"instock","10":"sold-individually","11":"shipping-taxable","12":"purchasable","13":"product-type-phive_booking"},"acf":[],"_links":{"self":[{"href":"https:\/\/murter-online.com\/hr\/wp-json\/wp\/v2\/product\/52434","targetHints":{"allow":["GET"]}}],"collection":[{"href":"https:\/\/murter-online.com\/hr\/wp-json\/wp\/v2\/product"}],"about":[{"href":"https:\/\/murter-online.com\/hr\/wp-json\/wp\/v2\/types\/product"}],"wp:featuredmedia":[{"embeddable":true,"href":"https:\/\/murter-online.com\/hr\/wp-json\/wp\/v2\/media\/27065"}],"wp:attachment":[{"href":"https:\/\/murter-online.com\/hr\/wp-json\/wp\/v2\/media?parent=52434"}],"wp:term":[{"taxonomy":"product_brand","embeddable":true,"href":"https:\/\/murter-online.com\/hr\/wp-json\/wp\/v2\/product_brand?post=52434"},{"taxonomy":"product_cat","embeddable":true,"href":"https:\/\/murter-online.com\/hr\/wp-json\/wp\/v2\/product_cat?post=52434"},{"taxonomy":"product_tag","embeddable":true,"href":"https:\/\/murter-online.com\/hr\/wp-json\/wp\/v2\/product_tag?post=52434"}],"curies":[{"name":"wp","href":"https:\/\/api.w.org\/{rel}","templated":true}]}}