{"id":52449,"date":"2025-01-05T14:07:13","date_gmt":"2025-01-05T13:07:13","guid":{"rendered":"https:\/\/murter.riot.hr\/?post_type=product&#038;p=52449"},"modified":"2025-01-26T11:24:58","modified_gmt":"2025-01-26T11:24:58","slug":"soba-marina-murter-a2-126","status":"publish","type":"product","link":"https:\/\/murter-online.com\/hr\/proizvod\/soba-marina-murter-a2-126\/","title":{"rendered":"Soba Marina Murter A2 126"},"content":{"rendered":"","protected":false},"excerpt":{"rendered":"<p>Soba je potpunom opremljena, udaljena od prve pla\u017ee 250 metara. Soba ima povr\u0161inu od 10 m2. U sobi mogu spavati dvije osobe. Ima kupaonicu sa tu\u0161-kadom. Soba se nalazi u prizemlju. Apartman ima hladnjak, Wi-fi. Parking je osiguran i besplatan. Ku\u0107ni ljubimci su dozvoljeni uz dodatni tro\u0161ak.<\/p>\n","protected":false},"featured_media":26969,"template":"","meta":{"_acf_changed":false},"product_brand":[],"product_cat":[138],"product_tag":[],"class_list":{"0":"post-52449","1":"product","2":"type-product","3":"status-publish","4":"has-post-thumbnail","6":"product_cat-sobe","8":"first","9":"instock","10":"sold-individually","11":"shipping-taxable","12":"purchasable","13":"product-type-phive_booking"},"acf":[],"_links":{"self":[{"href":"https:\/\/murter-online.com\/hr\/wp-json\/wp\/v2\/product\/52449","targetHints":{"allow":["GET"]}}],"collection":[{"href":"https:\/\/murter-online.com\/hr\/wp-json\/wp\/v2\/product"}],"about":[{"href":"https:\/\/murter-online.com\/hr\/wp-json\/wp\/v2\/types\/product"}],"wp:featuredmedia":[{"embeddable":true,"href":"https:\/\/murter-online.com\/hr\/wp-json\/wp\/v2\/media\/26969"}],"wp:attachment":[{"href":"https:\/\/murter-online.com\/hr\/wp-json\/wp\/v2\/media?parent=52449"}],"wp:term":[{"taxonomy":"product_brand","embeddable":true,"href":"https:\/\/murter-online.com\/hr\/wp-json\/wp\/v2\/product_brand?post=52449"},{"taxonomy":"product_cat","embeddable":true,"href":"https:\/\/murter-online.com\/hr\/wp-json\/wp\/v2\/product_cat?post=52449"},{"taxonomy":"product_tag","embeddable":true,"href":"https:\/\/murter-online.com\/hr\/wp-json\/wp\/v2\/product_tag?post=52449"}],"curies":[{"name":"wp","href":"https:\/\/api.w.org\/{rel}","templated":true}]}}