{"id":52453,"date":"2025-01-03T16:03:25","date_gmt":"2025-01-03T15:03:25","guid":{"rendered":"https:\/\/murter.riot.hr\/?post_type=product&#038;p=52453"},"modified":"2025-04-19T19:16:21","modified_gmt":"2025-04-19T18:16:21","slug":"apartman-sa-bazenom-a4-id-16","status":"publish","type":"product","link":"https:\/\/murter-online.com\/hr\/proizvod\/apartman-sa-bazenom-a4-id-16\/","title":{"rendered":"Apartman sa bazenom u vili Murter A4 ID 16"},"content":{"rendered":"","protected":false},"excerpt":{"rendered":"<p>Raspored prostorija: Dnevni boravak i kuhinja su jedna prostorija, Broj spava\u0107ih soba s bra\u010dnim krevetom: 2,Broj kupaonica s tu\u0161em i wc-om: 1,Veli\u010dina terase: 8m2 Oprema smje\u0161tajne jedinice: Klimatizacija, Sat TV, Perilica rublja, Hladnjak, \u0160tednjak, TV, Grijanje, Radio\/CD, Perilica su\u0111a, Internet, Ro\u0161tilj, Pozicija i eksterijer smje\u0161tajne jedinice: Nema pogled na more, Pogled na vrt, Zajedni\u010dki ulaz,1. kat, Dodatne informacije: Check in od : 14sati,Check out do: 10sati, Ku\u0107ni ljubimci nisu dozvoljeni, Dozvoljeno pu\u0161enje, Cijena uklju\u010duje: Tjedno mjenjanje posteljine, Ru\u010dnici,Pribor za kuhanje i jelo, Utro\u0161ak struje, vode i plina, Pribor za \u010di\u0161\u0107enje, Toaletni papir (pri dolasku). Zavr\u0161eno \u010di\u0161\u0107enje dodatno se napla\u0107uje 50 eura. Depozit u slu\u010daju \u0161tete je 150,00 eura.<\/p>\n","protected":false},"featured_media":23677,"template":"","meta":{"_acf_changed":false},"product_brand":[],"product_cat":[134,139,135],"product_tag":[],"class_list":{"0":"post-52453","1":"product","2":"type-product","3":"status-publish","4":"has-post-thumbnail","6":"product_cat-apartmani-s-bazenom","7":"product_cat-kuce-za-odmor","8":"product_cat-obiteljski-apartmani","10":"first","11":"instock","12":"sold-individually","13":"shipping-taxable","14":"purchasable","15":"product-type-phive_booking"},"acf":[],"_links":{"self":[{"href":"https:\/\/murter-online.com\/hr\/wp-json\/wp\/v2\/product\/52453","targetHints":{"allow":["GET"]}}],"collection":[{"href":"https:\/\/murter-online.com\/hr\/wp-json\/wp\/v2\/product"}],"about":[{"href":"https:\/\/murter-online.com\/hr\/wp-json\/wp\/v2\/types\/product"}],"wp:featuredmedia":[{"embeddable":true,"href":"https:\/\/murter-online.com\/hr\/wp-json\/wp\/v2\/media\/23677"}],"wp:attachment":[{"href":"https:\/\/murter-online.com\/hr\/wp-json\/wp\/v2\/media?parent=52453"}],"wp:term":[{"taxonomy":"product_brand","embeddable":true,"href":"https:\/\/murter-online.com\/hr\/wp-json\/wp\/v2\/product_brand?post=52453"},{"taxonomy":"product_cat","embeddable":true,"href":"https:\/\/murter-online.com\/hr\/wp-json\/wp\/v2\/product_cat?post=52453"},{"taxonomy":"product_tag","embeddable":true,"href":"https:\/\/murter-online.com\/hr\/wp-json\/wp\/v2\/product_tag?post=52453"}],"curies":[{"name":"wp","href":"https:\/\/api.w.org\/{rel}","templated":true}]}}