{"id":52463,"date":"2025-01-03T15:45:09","date_gmt":"2025-01-03T14:45:09","guid":{"rendered":"https:\/\/murter.riot.hr\/?post_type=product&#038;p=52463"},"modified":"2025-01-26T13:09:39","modified_gmt":"2025-01-26T13:09:39","slug":"apartman-sa-vezom-za-brod-murter-kornati-a6-id-258","status":"publish","type":"product","link":"https:\/\/murter-online.com\/hr\/proizvod\/apartman-sa-vezom-za-brod-murter-kornati-a6-id-258\/","title":{"rendered":"Apartman sa vezom za brod Murter Kornati A6 id 258"},"content":{"rendered":"","protected":false},"excerpt":{"rendered":"<p>Apartman se nalazi na drugom katu ku\u0107e. Apartman ima 3 spava\u0107e sobe u kojima mo\u017ee spavati 6 odraslih osoba. Apartman ima dvije kupaonice. Apartman ima terasu sa pogledom na more. Apartman je udaljen 50 metara od mora i pla\u017ee. Od lokalne pla\u017ee Luke apartman je udaljen 450 metara a od pje\u0161\u010dane pla\u017ee Podvr\u0161ke 550 metara. Apartman je potpuno opremljen.Apartman ima mogu\u0107nost veza za brod koji se dodatno napla\u0107uje. Is pred apartmana nalazi se ro\u0161tilj koji se mo\u017ee besplatno koristiti. Parking se nalazi u dvori\u0161tu ispred apartmana i mo\u017ee se besplatno koristiti.<\/p>\n","protected":false},"featured_media":23073,"template":"","meta":{"_acf_changed":false},"product_brand":[],"product_cat":[135],"product_tag":[],"class_list":{"0":"post-52463","1":"product","2":"type-product","3":"status-publish","4":"has-post-thumbnail","6":"product_cat-obiteljski-apartmani","8":"first","9":"instock","10":"sold-individually","11":"shipping-taxable","12":"purchasable","13":"product-type-phive_booking"},"acf":[],"_links":{"self":[{"href":"https:\/\/murter-online.com\/hr\/wp-json\/wp\/v2\/product\/52463","targetHints":{"allow":["GET"]}}],"collection":[{"href":"https:\/\/murter-online.com\/hr\/wp-json\/wp\/v2\/product"}],"about":[{"href":"https:\/\/murter-online.com\/hr\/wp-json\/wp\/v2\/types\/product"}],"wp:featuredmedia":[{"embeddable":true,"href":"https:\/\/murter-online.com\/hr\/wp-json\/wp\/v2\/media\/23073"}],"wp:attachment":[{"href":"https:\/\/murter-online.com\/hr\/wp-json\/wp\/v2\/media?parent=52463"}],"wp:term":[{"taxonomy":"product_brand","embeddable":true,"href":"https:\/\/murter-online.com\/hr\/wp-json\/wp\/v2\/product_brand?post=52463"},{"taxonomy":"product_cat","embeddable":true,"href":"https:\/\/murter-online.com\/hr\/wp-json\/wp\/v2\/product_cat?post=52463"},{"taxonomy":"product_tag","embeddable":true,"href":"https:\/\/murter-online.com\/hr\/wp-json\/wp\/v2\/product_tag?post=52463"}],"curies":[{"name":"wp","href":"https:\/\/api.w.org\/{rel}","templated":true}]}}