{"id":52464,"date":"2025-01-03T15:38:50","date_gmt":"2025-01-03T15:38:50","guid":{"rendered":"https:\/\/murter.riot.hr\/?post_type=product&#038;p=52464"},"modified":"2025-05-01T19:41:00","modified_gmt":"2025-05-01T18:41:00","slug":"apartman-renata-luxury-place-a6-id-72","status":"publish","type":"product","link":"https:\/\/murter-online.com\/hr\/proizvod\/apartman-renata-luxury-place-a6-id-72\/","title":{"rendered":"Apartman sa bazenom Renata Murter A6 ID 72"},"content":{"rendered":"","protected":false},"excerpt":{"rendered":"<p>Apartman je smje\u0161ten u prizemlju i sastoji se od tri spava\u0107e dvokrevetne sobe, velikog dnevnog boravka s blagavaonom i dvije kupaonice. S prekrasne terase na kojoj na dva stola za 12 osoba mo\u017eete ugostiti \u010dak i va\u0161e goste, pru\u017ea se pogled na bazen, vrtni kamin a sve uz opojan miris lavande, ru\u017emarina i za\u010dinskog bilja koje vam je na dohvat ruke.<\/p>\n","protected":false},"featured_media":23005,"template":"","meta":{"_acf_changed":false},"product_brand":[],"product_cat":[135],"product_tag":[],"class_list":{"0":"post-52464","1":"product","2":"type-product","3":"status-publish","4":"has-post-thumbnail","6":"product_cat-obiteljski-apartmani","8":"first","9":"instock","10":"sold-individually","11":"shipping-taxable","12":"purchasable","13":"product-type-phive_booking"},"acf":[],"_links":{"self":[{"href":"https:\/\/murter-online.com\/hr\/wp-json\/wp\/v2\/product\/52464","targetHints":{"allow":["GET"]}}],"collection":[{"href":"https:\/\/murter-online.com\/hr\/wp-json\/wp\/v2\/product"}],"about":[{"href":"https:\/\/murter-online.com\/hr\/wp-json\/wp\/v2\/types\/product"}],"wp:featuredmedia":[{"embeddable":true,"href":"https:\/\/murter-online.com\/hr\/wp-json\/wp\/v2\/media\/23005"}],"wp:attachment":[{"href":"https:\/\/murter-online.com\/hr\/wp-json\/wp\/v2\/media?parent=52464"}],"wp:term":[{"taxonomy":"product_brand","embeddable":true,"href":"https:\/\/murter-online.com\/hr\/wp-json\/wp\/v2\/product_brand?post=52464"},{"taxonomy":"product_cat","embeddable":true,"href":"https:\/\/murter-online.com\/hr\/wp-json\/wp\/v2\/product_cat?post=52464"},{"taxonomy":"product_tag","embeddable":true,"href":"https:\/\/murter-online.com\/hr\/wp-json\/wp\/v2\/product_tag?post=52464"}],"curies":[{"name":"wp","href":"https:\/\/api.w.org\/{rel}","templated":true}]}}