{"id":52470,"date":"2025-01-03T15:34:52","date_gmt":"2025-01-03T14:34:52","guid":{"rendered":"https:\/\/murter.riot.hr\/?post_type=product&#038;p=52470"},"modified":"2025-04-26T11:24:35","modified_gmt":"2025-04-26T10:24:35","slug":"apartman-murter-podraduc-a6-id-143","status":"publish","type":"product","link":"https:\/\/murter-online.com\/hr\/proizvod\/apartman-murter-podraduc-a6-id-143\/","title":{"rendered":"Apartman sa pogledom na more Podradu\u010d Murter A6 ID 143"},"content":{"rendered":"","protected":false},"excerpt":{"rendered":"<p>Apartman sa prekrasnim pogledom na more se nalazi na izvrsnoj lokaciji samo 150 metara udaljen od mora. Apartman ima povr\u0161inu od 70 m2. Ima tri spava\u0107e sobe u kojima mogu spavati 6 odraslih osoba. Nema dnevni boravak Ima kupaonicu sa tu\u0161-kadom. Povr\u0161ina Balkon\/terase je 25 m2. Apartman se nalazi na prvom katu ku\u0107e. Apartman je opremljen sa tv-om, klimom, satelitskim prijemnikom, pe\u0107nicom, besplatnim wifi internet priklju\u010dkom. Parking je osiguran i uklju\u010den u cijenu. Postoji vanjski ro\u0161tilj koji se mo\u017ee koristiti. Apartman je oko 2000 m. udaljen od centra mjesta a 150 m. od mora ili prve pla\u017ee u mjestu Murter.Apartman se nalazi u blizini pla\u017ee Slanica i pla\u017ee \u010cigra\u0111a. Ku\u0107ni ljubimci na upit.<\/p>\n","protected":false},"featured_media":22809,"template":"","meta":{"_acf_changed":false},"product_brand":[],"product_cat":[135],"product_tag":[],"class_list":{"0":"post-52470","1":"product","2":"type-product","3":"status-publish","4":"has-post-thumbnail","6":"product_cat-obiteljski-apartmani","8":"first","9":"instock","10":"sold-individually","11":"shipping-taxable","12":"purchasable","13":"product-type-phive_booking"},"acf":[],"_links":{"self":[{"href":"https:\/\/murter-online.com\/hr\/wp-json\/wp\/v2\/product\/52470","targetHints":{"allow":["GET"]}}],"collection":[{"href":"https:\/\/murter-online.com\/hr\/wp-json\/wp\/v2\/product"}],"about":[{"href":"https:\/\/murter-online.com\/hr\/wp-json\/wp\/v2\/types\/product"}],"wp:featuredmedia":[{"embeddable":true,"href":"https:\/\/murter-online.com\/hr\/wp-json\/wp\/v2\/media\/22809"}],"wp:attachment":[{"href":"https:\/\/murter-online.com\/hr\/wp-json\/wp\/v2\/media?parent=52470"}],"wp:term":[{"taxonomy":"product_brand","embeddable":true,"href":"https:\/\/murter-online.com\/hr\/wp-json\/wp\/v2\/product_brand?post=52470"},{"taxonomy":"product_cat","embeddable":true,"href":"https:\/\/murter-online.com\/hr\/wp-json\/wp\/v2\/product_cat?post=52470"},{"taxonomy":"product_tag","embeddable":true,"href":"https:\/\/murter-online.com\/hr\/wp-json\/wp\/v2\/product_tag?post=52470"}],"curies":[{"name":"wp","href":"https:\/\/api.w.org\/{rel}","templated":true}]}}