{"id":52479,"date":"2025-01-03T15:25:05","date_gmt":"2025-01-03T14:25:05","guid":{"rendered":"https:\/\/murter.riot.hr\/?post_type=product&#038;p=52479"},"modified":"2025-05-01T12:54:15","modified_gmt":"2025-05-01T11:54:15","slug":"apartman-murter-bay-goranka-62-id-01","status":"publish","type":"product","link":"https:\/\/murter-online.com\/hr\/proizvod\/apartman-murter-bay-goranka-62-id-01\/","title":{"rendered":"Obiteljski apartman Jelena Murter 6+2 ID 01"},"content":{"rendered":"","protected":false},"excerpt":{"rendered":"<p>Raspored prostorija: Kuhinja,,Dnevni boravak,,Blagavaonica,, Broj pomo\u0107nih le\u017eajeva u dnevnom boravku: 2,Broj spava\u0107ih soba s bra\u010dnim krevetom: 3,Broj kupaonica s kadom i wc-om:: 2,Veli\u010dina terase: 15m2 Oprema smje\u0161tajne jedinice: Klimatizacija,Sat TV,Nema perilice rublja, Hladnjak,\u0160tednjak,TV,Grijanje,Aparat za kavu,Mikrovalna,Perilica su\u0111a,Internet,Ro\u0161tilj, Pozicija i eksterijer smje\u0161tajne jedinice: Nema pogled na more, Pogled na mirnu ulicu,Samostalni ulaz,Prizemlje, Dodatne informacije: Check in od : 14sati,Check out do: 10sati, Ku\u0107ni ljubimci nisu dozvoljeni,Nije dozvoljeno pu\u0161enje, Cijena uklju\u010duje: Tjedno mjenjanje posteljine,Ru\u010dnici,Pribor za kuhanje i jelo,Utro\u0161ak struje, vode i plina,Pribor za \u010di\u0161\u0107enje,Toaletni papir (pri dolasku),Zavr\u0161no \u010di\u0161\u0107enje,<\/p>\n","protected":false},"featured_media":22605,"template":"","meta":{"_acf_changed":false},"product_brand":[],"product_cat":[135],"product_tag":[],"class_list":{"0":"post-52479","1":"product","2":"type-product","3":"status-publish","4":"has-post-thumbnail","6":"product_cat-obiteljski-apartmani","8":"first","9":"instock","10":"sold-individually","11":"shipping-taxable","12":"purchasable","13":"product-type-phive_booking"},"acf":[],"_links":{"self":[{"href":"https:\/\/murter-online.com\/hr\/wp-json\/wp\/v2\/product\/52479","targetHints":{"allow":["GET"]}}],"collection":[{"href":"https:\/\/murter-online.com\/hr\/wp-json\/wp\/v2\/product"}],"about":[{"href":"https:\/\/murter-online.com\/hr\/wp-json\/wp\/v2\/types\/product"}],"wp:featuredmedia":[{"embeddable":true,"href":"https:\/\/murter-online.com\/hr\/wp-json\/wp\/v2\/media\/22605"}],"wp:attachment":[{"href":"https:\/\/murter-online.com\/hr\/wp-json\/wp\/v2\/media?parent=52479"}],"wp:term":[{"taxonomy":"product_brand","embeddable":true,"href":"https:\/\/murter-online.com\/hr\/wp-json\/wp\/v2\/product_brand?post=52479"},{"taxonomy":"product_cat","embeddable":true,"href":"https:\/\/murter-online.com\/hr\/wp-json\/wp\/v2\/product_cat?post=52479"},{"taxonomy":"product_tag","embeddable":true,"href":"https:\/\/murter-online.com\/hr\/wp-json\/wp\/v2\/product_tag?post=52479"}],"curies":[{"name":"wp","href":"https:\/\/api.w.org\/{rel}","templated":true}]}}