{"id":52482,"date":"2025-01-03T15:18:55","date_gmt":"2025-01-03T14:18:55","guid":{"rendered":"https:\/\/murter.riot.hr\/?post_type=product&#038;p=52482"},"modified":"2025-05-01T10:34:51","modified_gmt":"2025-05-01T09:34:51","slug":"apartman-mario-marine-view-a6-id-59","status":"publish","type":"product","link":"https:\/\/murter-online.com\/hr\/proizvod\/apartman-mario-marine-view-a6-id-59\/","title":{"rendered":"Obiteljski apartman Mario Marina Murter A6 ID 59"},"content":{"rendered":"","protected":false},"excerpt":{"rendered":"<p>Apartman sa prekrasnim pogledom na more se nalazi na izvrsnoj lokaciji samo 100 metara udaljen od mora. Apartman ima povr\u0161inu od 90 m2. Ima tri spava\u0107e sobe u kojima mogu spavati 6 odraslih osoba. Ima dnevni boravak. Ima kupaonicu sa kadom. Povr\u0161ina Balkon\/terase je 10 m2. Apartman se nalazi na prvom katu ku\u0107e. Apartman je opremljen sa tv-om, klimom, satelitskim prijemnikom, pe\u0107nicom. Parking je osiguran i uklju\u010den u cijenu. Postoji vanjski ro\u0161tilj koji se mo\u017ee koristiti. Apartman je oko 350 m. udaljen od centra mjesta a 100 m. od mora ili prve pla\u017ee u mjestu Murter. Ku\u0107ni ljubimci nisu dozvoljeni.<\/p>\n","protected":false},"featured_media":22497,"template":"","meta":{"_acf_changed":false},"product_brand":[],"product_cat":[135],"product_tag":[],"class_list":{"0":"post-52482","1":"product","2":"type-product","3":"status-publish","4":"has-post-thumbnail","6":"product_cat-obiteljski-apartmani","8":"first","9":"instock","10":"sold-individually","11":"shipping-taxable","12":"purchasable","13":"product-type-phive_booking"},"acf":[],"_links":{"self":[{"href":"https:\/\/murter-online.com\/hr\/wp-json\/wp\/v2\/product\/52482","targetHints":{"allow":["GET"]}}],"collection":[{"href":"https:\/\/murter-online.com\/hr\/wp-json\/wp\/v2\/product"}],"about":[{"href":"https:\/\/murter-online.com\/hr\/wp-json\/wp\/v2\/types\/product"}],"wp:featuredmedia":[{"embeddable":true,"href":"https:\/\/murter-online.com\/hr\/wp-json\/wp\/v2\/media\/22497"}],"wp:attachment":[{"href":"https:\/\/murter-online.com\/hr\/wp-json\/wp\/v2\/media?parent=52482"}],"wp:term":[{"taxonomy":"product_brand","embeddable":true,"href":"https:\/\/murter-online.com\/hr\/wp-json\/wp\/v2\/product_brand?post=52482"},{"taxonomy":"product_cat","embeddable":true,"href":"https:\/\/murter-online.com\/hr\/wp-json\/wp\/v2\/product_cat?post=52482"},{"taxonomy":"product_tag","embeddable":true,"href":"https:\/\/murter-online.com\/hr\/wp-json\/wp\/v2\/product_tag?post=52482"}],"curies":[{"name":"wp","href":"https:\/\/api.w.org\/{rel}","templated":true}]}}