{"id":52487,"date":"2025-01-03T14:59:22","date_gmt":"2025-01-03T13:59:22","guid":{"rendered":"https:\/\/murter.riot.hr\/?post_type=product&#038;p=52487"},"modified":"2025-04-26T07:03:02","modified_gmt":"2025-04-26T06:03:02","slug":"apartman-kornatska-hidden-place-a6-id-117","status":"publish","type":"product","link":"https:\/\/murter-online.com\/hr\/proizvod\/apartman-kornatska-hidden-place-a6-id-117\/","title":{"rendered":"Obiteljski apartman Kornatska Hidden Place Murter A6 ID 117"},"content":{"rendered":"","protected":false},"excerpt":{"rendered":"<p>Apartman sa prekrasnim pogledom na more se nalazi na odli\u010dnoj lokaciji samo 350 metara udaljen od mora. Apartman ima povr\u0161inu od 60 m2. Ima dvije spava\u0107e sobe u kojima mogu spavati 4 odrasle osobe. Ima dnevni boravak, koji se mo\u017ee koristiti za spavanje &#8211; Ima pomo\u0107ni le\u017eaj za jednu osobu. Ima kupaonicu sa tu\u0161-kadom. Povr\u0161ina Balkon\/terase je 15 m2. Apartman se nalazi u prizemlju. Apartman je opremljen sa tv-om, pe\u0107nicom, besplatnim wifi internet priklju\u010dkom. Parking je osiguran i uklju\u010den u cijenu. Postoji vanjski ro\u0161tilj koji se mo\u017ee koristiti. Apartman je oko 450 m. udaljen od centra mjesta a 350 m. od mora ili prve pla\u017ee u mjestu Murter. Ku\u0107ni ljubimci su dozvoljeni uz dodatnu naknadu.<\/p>\n","protected":false},"featured_media":22221,"template":"","meta":{"_acf_changed":false},"product_brand":[],"product_cat":[135],"product_tag":[],"class_list":{"0":"post-52487","1":"product","2":"type-product","3":"status-publish","4":"has-post-thumbnail","6":"product_cat-obiteljski-apartmani","8":"first","9":"instock","10":"sold-individually","11":"shipping-taxable","12":"purchasable","13":"product-type-phive_booking"},"acf":[],"_links":{"self":[{"href":"https:\/\/murter-online.com\/hr\/wp-json\/wp\/v2\/product\/52487","targetHints":{"allow":["GET"]}}],"collection":[{"href":"https:\/\/murter-online.com\/hr\/wp-json\/wp\/v2\/product"}],"about":[{"href":"https:\/\/murter-online.com\/hr\/wp-json\/wp\/v2\/types\/product"}],"wp:featuredmedia":[{"embeddable":true,"href":"https:\/\/murter-online.com\/hr\/wp-json\/wp\/v2\/media\/22221"}],"wp:attachment":[{"href":"https:\/\/murter-online.com\/hr\/wp-json\/wp\/v2\/media?parent=52487"}],"wp:term":[{"taxonomy":"product_brand","embeddable":true,"href":"https:\/\/murter-online.com\/hr\/wp-json\/wp\/v2\/product_brand?post=52487"},{"taxonomy":"product_cat","embeddable":true,"href":"https:\/\/murter-online.com\/hr\/wp-json\/wp\/v2\/product_cat?post=52487"},{"taxonomy":"product_tag","embeddable":true,"href":"https:\/\/murter-online.com\/hr\/wp-json\/wp\/v2\/product_tag?post=52487"}],"curies":[{"name":"wp","href":"https:\/\/api.w.org\/{rel}","templated":true}]}}