{"id":52490,"date":"2025-01-11T09:17:54","date_gmt":"2025-01-11T09:17:54","guid":{"rendered":"https:\/\/murter.riot.hr\/?post_type=product&#038;p=52490"},"modified":"2025-04-19T19:39:55","modified_gmt":"2025-04-19T18:39:55","slug":"apartman-renata-pool-view-a4-id-73","status":"publish","type":"product","link":"https:\/\/murter-online.com\/hr\/proizvod\/apartman-renata-pool-view-a4-id-73\/","title":{"rendered":"Apartman s bazenom Villa Murter A4 ID 73"},"content":{"rendered":"","protected":false},"excerpt":{"rendered":"<p>Intimni apartman na prvom katu Apartman je smje\u0161ten na prvom katu kamene vile, sastoji se od dvije dvokrevetne spava\u0107e sobe, malog dnevnog boravka s kuhinjom i kupaonicom. S romanti\u010dne terase mo\u017eete u\u017eivati u pogledu na bazen i opojnim mirisima mediteranskog bilja.<\/p>\n","protected":false},"featured_media":44533,"template":"","meta":{"_acf_changed":false},"product_brand":[],"product_cat":[129,134,139,135],"product_tag":[],"class_list":{"0":"post-52490","1":"product","2":"type-product","3":"status-publish","4":"has-post-thumbnail","6":"product_cat-apartmani","7":"product_cat-apartmani-s-bazenom","8":"product_cat-kuce-za-odmor","9":"product_cat-obiteljski-apartmani","11":"first","12":"instock","13":"sold-individually","14":"shipping-taxable","15":"purchasable","16":"product-type-phive_booking"},"acf":[],"_links":{"self":[{"href":"https:\/\/murter-online.com\/hr\/wp-json\/wp\/v2\/product\/52490","targetHints":{"allow":["GET"]}}],"collection":[{"href":"https:\/\/murter-online.com\/hr\/wp-json\/wp\/v2\/product"}],"about":[{"href":"https:\/\/murter-online.com\/hr\/wp-json\/wp\/v2\/types\/product"}],"wp:featuredmedia":[{"embeddable":true,"href":"https:\/\/murter-online.com\/hr\/wp-json\/wp\/v2\/media\/44533"}],"wp:attachment":[{"href":"https:\/\/murter-online.com\/hr\/wp-json\/wp\/v2\/media?parent=52490"}],"wp:term":[{"taxonomy":"product_brand","embeddable":true,"href":"https:\/\/murter-online.com\/hr\/wp-json\/wp\/v2\/product_brand?post=52490"},{"taxonomy":"product_cat","embeddable":true,"href":"https:\/\/murter-online.com\/hr\/wp-json\/wp\/v2\/product_cat?post=52490"},{"taxonomy":"product_tag","embeddable":true,"href":"https:\/\/murter-online.com\/hr\/wp-json\/wp\/v2\/product_tag?post=52490"}],"curies":[{"name":"wp","href":"https:\/\/api.w.org\/{rel}","templated":true}]}}