{"id":52494,"date":"2025-01-05T10:27:40","date_gmt":"2025-01-05T10:27:40","guid":{"rendered":"https:\/\/murter.riot.hr\/?post_type=product&#038;p=52494"},"modified":"2025-05-01T07:44:20","modified_gmt":"2025-05-01T06:44:20","slug":"apartman-dragica-a71-id-24","status":"publish","type":"product","link":"https:\/\/murter-online.com\/hr\/proizvod\/apartman-dragica-a71-id-24\/","title":{"rendered":"Obiteljski apartman blizu pla\u017ee Slanica Dragica Murter A7+1 ID 24"},"content":{"rendered":"","protected":false},"excerpt":{"rendered":"<p>Apartman se nalazi na odli\u010dnoj lokaciji samo 400 metara udaljen od mora. Apartman ima povr\u0161inu od 100 m2. Ima \u010detiri spava\u0107e sobe u kojima mogu spavati 7 odraslih osoba. Ima dnevni boravak, koji se mo\u017ee koristiti za spavanje &#8211; Ima pomo\u0107ni le\u017eaj za jednu osobu. Ima kupaonicu sa tu\u0161-kadom. Povr\u0161ina Balkon\/terase je 25 m2. Apartman se nalazi na prvom katu ku\u0107e. Apartman je opremljen sa tv-om, pe\u0107nicom, perilicom rublja. Parking je osiguran i uklju\u010den u cijenu. Apartman je oko 1000 m. udaljen od centra mjesta a 400 m. od mora ili prve pla\u017ee u mjestu Murter. Ku\u0107ni ljubimci su dozvoljeni uz dodatnu naknadu.<\/p>\n","protected":false},"featured_media":24189,"template":"","meta":{"_acf_changed":false},"product_brand":[],"product_cat":[129,135],"product_tag":[],"class_list":{"0":"post-52494","1":"product","2":"type-product","3":"status-publish","4":"has-post-thumbnail","6":"product_cat-apartmani","7":"product_cat-obiteljski-apartmani","9":"first","10":"instock","11":"sold-individually","12":"shipping-taxable","13":"purchasable","14":"product-type-phive_booking"},"acf":[],"_links":{"self":[{"href":"https:\/\/murter-online.com\/hr\/wp-json\/wp\/v2\/product\/52494","targetHints":{"allow":["GET"]}}],"collection":[{"href":"https:\/\/murter-online.com\/hr\/wp-json\/wp\/v2\/product"}],"about":[{"href":"https:\/\/murter-online.com\/hr\/wp-json\/wp\/v2\/types\/product"}],"wp:featuredmedia":[{"embeddable":true,"href":"https:\/\/murter-online.com\/hr\/wp-json\/wp\/v2\/media\/24189"}],"wp:attachment":[{"href":"https:\/\/murter-online.com\/hr\/wp-json\/wp\/v2\/media?parent=52494"}],"wp:term":[{"taxonomy":"product_brand","embeddable":true,"href":"https:\/\/murter-online.com\/hr\/wp-json\/wp\/v2\/product_brand?post=52494"},{"taxonomy":"product_cat","embeddable":true,"href":"https:\/\/murter-online.com\/hr\/wp-json\/wp\/v2\/product_cat?post=52494"},{"taxonomy":"product_tag","embeddable":true,"href":"https:\/\/murter-online.com\/hr\/wp-json\/wp\/v2\/product_tag?post=52494"}],"curies":[{"name":"wp","href":"https:\/\/api.w.org\/{rel}","templated":true}]}}