{"id":52499,"date":"2025-01-06T14:21:29","date_gmt":"2025-01-06T14:21:29","guid":{"rendered":"https:\/\/murter.riot.hr\/?post_type=product&#038;p=52499"},"modified":"2025-04-06T11:03:23","modified_gmt":"2025-04-06T10:03:23","slug":"apartman-slanica-new-sea-view-a3-id-172","status":"publish","type":"product","link":"https:\/\/murter-online.com\/hr\/proizvod\/apartman-slanica-new-sea-view-a3-id-172\/","title":{"rendered":"Apartman Murter sa pogledom na more blizu pla\u017ee Slanica  A3 ID 172"},"content":{"rendered":"","protected":false},"excerpt":{"rendered":"<p>Apartman ima povr\u0161inu 28 m\u00b2.To je studio apartman u kojem mogu boraviti 3 odrasle osobe.Apartman ima balkon sa pogledom na more i pogledom na vrt. Gosti apartmana imaju besplatan WiFi i besplatno parkirali\u0161te ispred objekta. Apartman ima kupaonicu sa tu\u0161 kadom, wc,su\u0161ilo za kosu.Kiuhinja je potpuno opremljena.Postoji vanjski ro\u0161tilj koji se mo\u017ee koristiti.<\/p>\n","protected":false},"featured_media":31677,"template":"","meta":{"_acf_changed":false},"product_brand":[],"product_cat":[129,133,135],"product_tag":[],"class_list":{"0":"post-52499","1":"product","2":"type-product","3":"status-publish","4":"has-post-thumbnail","6":"product_cat-apartmani","7":"product_cat-apartmani-s-pogledom-na-more","8":"product_cat-obiteljski-apartmani","10":"first","11":"instock","12":"sold-individually","13":"shipping-taxable","14":"purchasable","15":"product-type-phive_booking"},"acf":[],"_links":{"self":[{"href":"https:\/\/murter-online.com\/hr\/wp-json\/wp\/v2\/product\/52499","targetHints":{"allow":["GET"]}}],"collection":[{"href":"https:\/\/murter-online.com\/hr\/wp-json\/wp\/v2\/product"}],"about":[{"href":"https:\/\/murter-online.com\/hr\/wp-json\/wp\/v2\/types\/product"}],"wp:featuredmedia":[{"embeddable":true,"href":"https:\/\/murter-online.com\/hr\/wp-json\/wp\/v2\/media\/31677"}],"wp:attachment":[{"href":"https:\/\/murter-online.com\/hr\/wp-json\/wp\/v2\/media?parent=52499"}],"wp:term":[{"taxonomy":"product_brand","embeddable":true,"href":"https:\/\/murter-online.com\/hr\/wp-json\/wp\/v2\/product_brand?post=52499"},{"taxonomy":"product_cat","embeddable":true,"href":"https:\/\/murter-online.com\/hr\/wp-json\/wp\/v2\/product_cat?post=52499"},{"taxonomy":"product_tag","embeddable":true,"href":"https:\/\/murter-online.com\/hr\/wp-json\/wp\/v2\/product_tag?post=52499"}],"curies":[{"name":"wp","href":"https:\/\/api.w.org\/{rel}","templated":true}]}}