{"id":52503,"date":"2025-01-06T14:32:11","date_gmt":"2025-01-06T14:32:11","guid":{"rendered":"https:\/\/murter.riot.hr\/?post_type=product&#038;p=52503"},"modified":"2025-04-05T16:32:32","modified_gmt":"2025-04-05T15:32:32","slug":"apartman-slanica-pool-paradise-a22-id-160","status":"publish","type":"product","link":"https:\/\/murter-online.com\/hr\/proizvod\/apartman-slanica-pool-paradise-a22-id-160\/","title":{"rendered":"Apartman s bazenom Slanica Murter A2+2 ID 160"},"content":{"rendered":"","protected":false},"excerpt":{"rendered":"<p>Apartman sa prekrasnim pogledom na more se nalazi na izvrsnoj lokaciji samo 70 metara udaljen od mora. Apartman ima povr\u0161inu od 40 m2. Ima jednu spava\u0107u sobu u kojoj mogu spavati 2 odrasle osobe. Ima dnevni boravak, koji se mo\u017ee koristiti za spavanje &#8211; Ima pomo\u0107ni le\u017eaj za dvije osobe. Ima kupaonicu sa tu\u0161-kadom. Povr\u0161ina Balkon\/terase je 5 m2. Apartman se nalazi na drugom katu ku\u0107e.Ku\u0107ni ljubimci na upit. Apartman je opremljen sa tv-om, klimom, besplatnim wifi internet priklju\u010dkom. Postoji vanjski bazen koji se mo\u017ee koristiti. Parking je osiguran i uklju\u010den u cijenu.<\/p>\n","protected":false},"featured_media":31729,"template":"","meta":{"_acf_changed":false},"product_brand":[],"product_cat":[129,134,133,135],"product_tag":[],"class_list":{"0":"post-52503","1":"product","2":"type-product","3":"status-publish","4":"has-post-thumbnail","6":"product_cat-apartmani","7":"product_cat-apartmani-s-bazenom","8":"product_cat-apartmani-s-pogledom-na-more","9":"product_cat-obiteljski-apartmani","11":"first","12":"instock","13":"sold-individually","14":"shipping-taxable","15":"purchasable","16":"product-type-phive_booking"},"acf":[],"_links":{"self":[{"href":"https:\/\/murter-online.com\/hr\/wp-json\/wp\/v2\/product\/52503","targetHints":{"allow":["GET"]}}],"collection":[{"href":"https:\/\/murter-online.com\/hr\/wp-json\/wp\/v2\/product"}],"about":[{"href":"https:\/\/murter-online.com\/hr\/wp-json\/wp\/v2\/types\/product"}],"wp:featuredmedia":[{"embeddable":true,"href":"https:\/\/murter-online.com\/hr\/wp-json\/wp\/v2\/media\/31729"}],"wp:attachment":[{"href":"https:\/\/murter-online.com\/hr\/wp-json\/wp\/v2\/media?parent=52503"}],"wp:term":[{"taxonomy":"product_brand","embeddable":true,"href":"https:\/\/murter-online.com\/hr\/wp-json\/wp\/v2\/product_brand?post=52503"},{"taxonomy":"product_cat","embeddable":true,"href":"https:\/\/murter-online.com\/hr\/wp-json\/wp\/v2\/product_cat?post=52503"},{"taxonomy":"product_tag","embeddable":true,"href":"https:\/\/murter-online.com\/hr\/wp-json\/wp\/v2\/product_tag?post=52503"}],"curies":[{"name":"wp","href":"https:\/\/api.w.org\/{rel}","templated":true}]}}