{"id":52507,"date":"2025-01-06T14:40:34","date_gmt":"2025-01-06T14:40:34","guid":{"rendered":"https:\/\/murter.riot.hr\/?post_type=product&#038;p=52507"},"modified":"2025-04-05T13:59:27","modified_gmt":"2025-04-05T12:59:27","slug":"apartman-slanica-sabina-sea-breeze-a31-id-62","status":"publish","type":"product","link":"https:\/\/murter-online.com\/hr\/proizvod\/apartman-slanica-sabina-sea-breeze-a31-id-62\/","title":{"rendered":"Apartman blizu pla\u017ee Slanica Murter A3+1 ID 62"},"content":{"rendered":"","protected":false},"excerpt":{"rendered":"<p>Apartman Sabina Sea breeze A3+1 ID 62 smje\u0161ten je na tihoj i mirnoj lokaciji. Pje\u0161\u0107ana pla\u017ea Slanica udaljena je od apartmana svega 5 minuta hoda, a blizu se nalazi i gradska pla\u017ea Luke. Od centra mjesta apartman je udaljen 15 minuta hoda Nalazi se u prizemlju obiteljske ku\u0107e. Apartman je opremljen WiFi-em, klimom i tv-om. Zavr\u0161no \u010di\u0161\u0107enje, posteljina i ru\u010dnici uklju\u010deni su u cijenu.<\/p>\n","protected":false},"featured_media":31853,"template":"","meta":{"_acf_changed":false},"product_brand":[],"product_cat":[129,135],"product_tag":[],"class_list":{"0":"post-52507","1":"product","2":"type-product","3":"status-publish","4":"has-post-thumbnail","6":"product_cat-apartmani","7":"product_cat-obiteljski-apartmani","9":"first","10":"instock","11":"sold-individually","12":"shipping-taxable","13":"purchasable","14":"product-type-phive_booking"},"acf":[],"_links":{"self":[{"href":"https:\/\/murter-online.com\/hr\/wp-json\/wp\/v2\/product\/52507","targetHints":{"allow":["GET"]}}],"collection":[{"href":"https:\/\/murter-online.com\/hr\/wp-json\/wp\/v2\/product"}],"about":[{"href":"https:\/\/murter-online.com\/hr\/wp-json\/wp\/v2\/types\/product"}],"wp:featuredmedia":[{"embeddable":true,"href":"https:\/\/murter-online.com\/hr\/wp-json\/wp\/v2\/media\/31853"}],"wp:attachment":[{"href":"https:\/\/murter-online.com\/hr\/wp-json\/wp\/v2\/media?parent=52507"}],"wp:term":[{"taxonomy":"product_brand","embeddable":true,"href":"https:\/\/murter-online.com\/hr\/wp-json\/wp\/v2\/product_brand?post=52507"},{"taxonomy":"product_cat","embeddable":true,"href":"https:\/\/murter-online.com\/hr\/wp-json\/wp\/v2\/product_cat?post=52507"},{"taxonomy":"product_tag","embeddable":true,"href":"https:\/\/murter-online.com\/hr\/wp-json\/wp\/v2\/product_tag?post=52507"}],"curies":[{"name":"wp","href":"https:\/\/api.w.org\/{rel}","templated":true}]}}