{"id":52511,"date":"2025-01-06T14:47:47","date_gmt":"2025-01-06T14:47:47","guid":{"rendered":"https:\/\/murter.riot.hr\/?post_type=product&#038;p=52511"},"modified":"2025-04-05T07:20:42","modified_gmt":"2025-04-05T06:20:42","slug":"apartman-sabina-sabina-sunny-coast-a31-id-63","status":"publish","type":"product","link":"https:\/\/murter-online.com\/hr\/proizvod\/apartman-sabina-sabina-sunny-coast-a31-id-63\/","title":{"rendered":"Apartman blizu pla\u017ee Slanica Sabina Murter A3+1 ID 63"},"content":{"rendered":"","protected":false},"excerpt":{"rendered":"<p>Apartman Sabina Sunny coast A3 + 1 ID 63 nalazi se na mirnoj i tihoj lokaciji. Pje\u0161\u010dana pla\u017ea Slanica udaljena je samo 5 minuta hoda od apartmana, a tu je i gradska pla\u017ea Luke. Apartman je udaljen15 minuta hoda od centra Nalazi se u prizemlju obiteljske ku\u0107e. Apartman je opremljen WiFi-om, klima ure\u0111ajem i satelitskom TV. Zavr\u0161no \u010di\u0161\u0107enje, posteljina i ru\u010dnici uklju\u010deni su u cijenu.<\/p>\n","protected":false},"featured_media":31905,"template":"","meta":{"_acf_changed":false},"product_brand":[],"product_cat":[129,135],"product_tag":[],"class_list":{"0":"post-52511","1":"product","2":"type-product","3":"status-publish","4":"has-post-thumbnail","6":"product_cat-apartmani","7":"product_cat-obiteljski-apartmani","9":"first","10":"instock","11":"sold-individually","12":"shipping-taxable","13":"purchasable","14":"product-type-phive_booking"},"acf":[],"_links":{"self":[{"href":"https:\/\/murter-online.com\/hr\/wp-json\/wp\/v2\/product\/52511","targetHints":{"allow":["GET"]}}],"collection":[{"href":"https:\/\/murter-online.com\/hr\/wp-json\/wp\/v2\/product"}],"about":[{"href":"https:\/\/murter-online.com\/hr\/wp-json\/wp\/v2\/types\/product"}],"wp:featuredmedia":[{"embeddable":true,"href":"https:\/\/murter-online.com\/hr\/wp-json\/wp\/v2\/media\/31905"}],"wp:attachment":[{"href":"https:\/\/murter-online.com\/hr\/wp-json\/wp\/v2\/media?parent=52511"}],"wp:term":[{"taxonomy":"product_brand","embeddable":true,"href":"https:\/\/murter-online.com\/hr\/wp-json\/wp\/v2\/product_brand?post=52511"},{"taxonomy":"product_cat","embeddable":true,"href":"https:\/\/murter-online.com\/hr\/wp-json\/wp\/v2\/product_cat?post=52511"},{"taxonomy":"product_tag","embeddable":true,"href":"https:\/\/murter-online.com\/hr\/wp-json\/wp\/v2\/product_tag?post=52511"}],"curies":[{"name":"wp","href":"https:\/\/api.w.org\/{rel}","templated":true}]}}