{"id":52515,"date":"2025-01-06T15:13:08","date_gmt":"2025-01-06T15:13:08","guid":{"rendered":"https:\/\/murter.riot.hr\/?post_type=product&#038;p=52515"},"modified":"2025-04-05T06:31:14","modified_gmt":"2025-04-05T05:31:14","slug":"apartman-slanica-sandy-paradise-a31-id-173","status":"publish","type":"product","link":"https:\/\/murter-online.com\/hr\/proizvod\/apartman-slanica-sandy-paradise-a31-id-173\/","title":{"rendered":"Apartman blizu pla\u017ee Slanica u Murteru A3+1 ID 173"},"content":{"rendered":"","protected":false},"excerpt":{"rendered":"<p>Apartman ima povr\u0161inu 38 m\u00b2.To je jednosoban apartman u kojem mogu boraviti 4 osobe. U spava\u0107oj sobi nalaze se tri glavna le\u017eaja.U dnevnom boravku se nalazi kau\u010d koji se mo\u017ee koristiti za spavanje.Apartman ima balkon sa pogledom na more i pogledom na vrt. Gosti apartmana imaju besplatan WiFi i besplatno parkirali\u0161te ispred objekta. Apartman ima kupaonicu sa tu\u0161 kadom, wc,su\u0161ilo za kosu.Kiuhinja je potpuno opremljena.Postoji vanjski ro\u0161tilj koji se mo\u017ee koristiti.<\/p>\n","protected":false},"featured_media":32485,"template":"","meta":{"_acf_changed":false},"product_brand":[],"product_cat":[129,135],"product_tag":[],"class_list":{"0":"post-52515","1":"product","2":"type-product","3":"status-publish","4":"has-post-thumbnail","6":"product_cat-apartmani","7":"product_cat-obiteljski-apartmani","9":"first","10":"instock","11":"sold-individually","12":"shipping-taxable","13":"purchasable","14":"product-type-phive_booking"},"acf":[],"_links":{"self":[{"href":"https:\/\/murter-online.com\/hr\/wp-json\/wp\/v2\/product\/52515","targetHints":{"allow":["GET"]}}],"collection":[{"href":"https:\/\/murter-online.com\/hr\/wp-json\/wp\/v2\/product"}],"about":[{"href":"https:\/\/murter-online.com\/hr\/wp-json\/wp\/v2\/types\/product"}],"wp:featuredmedia":[{"embeddable":true,"href":"https:\/\/murter-online.com\/hr\/wp-json\/wp\/v2\/media\/32485"}],"wp:attachment":[{"href":"https:\/\/murter-online.com\/hr\/wp-json\/wp\/v2\/media?parent=52515"}],"wp:term":[{"taxonomy":"product_brand","embeddable":true,"href":"https:\/\/murter-online.com\/hr\/wp-json\/wp\/v2\/product_brand?post=52515"},{"taxonomy":"product_cat","embeddable":true,"href":"https:\/\/murter-online.com\/hr\/wp-json\/wp\/v2\/product_cat?post=52515"},{"taxonomy":"product_tag","embeddable":true,"href":"https:\/\/murter-online.com\/hr\/wp-json\/wp\/v2\/product_tag?post=52515"}],"curies":[{"name":"wp","href":"https:\/\/api.w.org\/{rel}","templated":true}]}}