{"id":52524,"date":"2025-01-06T15:24:32","date_gmt":"2025-01-06T15:24:32","guid":{"rendered":"https:\/\/murter.riot.hr\/?post_type=product&#038;p=52524"},"modified":"2025-04-05T06:02:33","modified_gmt":"2025-04-05T05:02:33","slug":"apartman-slanica-sea-view-point-a22-id-128","status":"publish","type":"product","link":"https:\/\/murter-online.com\/hr\/proizvod\/apartman-slanica-sea-view-point-a22-id-128\/","title":{"rendered":"Apartman sa pogledom na more Slanica Murter A2+2 ID 128"},"content":{"rendered":"","protected":false},"excerpt":{"rendered":"<p>Apartman sa prekrasnim pogledom na more se nalazi na izvrsnoj lokaciji samo 250 metara udaljen od mora. Apartman ima povr\u0161inu od 45 m2. Ima jednu spava\u0107u sobu u kojoj mogu spavati 2 odrasle osobe. Ima dnevni boravak, koji se mo\u017ee koristiti za spavanje &#8211; Ima pomo\u0107ni le\u017eaj za dvije osobe. Ima kupaonicu sa tu\u0161-kadom. Povr\u0161ina Balkon\/terase je 12 m2. Apartman se nalazi na drugom katu ku\u0107e. Apartman je opremljen sa tv-om, klimom, pe\u0107nicom, besplatnim wifi internet priklju\u010dkom. Parking je osiguran i uklju\u010den u cijenu. Apartman je oko 750 m. udaljen od centra mjesta a 250 m. od mora ili prve pla\u017ee u mjestu Murter. Ku\u0107ni ljubimci nisu dozvoljeni.<\/p>\n","protected":false},"featured_media":32905,"template":"","meta":{"_acf_changed":false},"product_brand":[],"product_cat":[129,133],"product_tag":[],"class_list":{"0":"post-52524","1":"product","2":"type-product","3":"status-publish","4":"has-post-thumbnail","6":"product_cat-apartmani","7":"product_cat-apartmani-s-pogledom-na-more","9":"first","10":"instock","11":"sold-individually","12":"shipping-taxable","13":"purchasable","14":"product-type-phive_booking"},"acf":[],"_links":{"self":[{"href":"https:\/\/murter-online.com\/hr\/wp-json\/wp\/v2\/product\/52524","targetHints":{"allow":["GET"]}}],"collection":[{"href":"https:\/\/murter-online.com\/hr\/wp-json\/wp\/v2\/product"}],"about":[{"href":"https:\/\/murter-online.com\/hr\/wp-json\/wp\/v2\/types\/product"}],"wp:featuredmedia":[{"embeddable":true,"href":"https:\/\/murter-online.com\/hr\/wp-json\/wp\/v2\/media\/32905"}],"wp:attachment":[{"href":"https:\/\/murter-online.com\/hr\/wp-json\/wp\/v2\/media?parent=52524"}],"wp:term":[{"taxonomy":"product_brand","embeddable":true,"href":"https:\/\/murter-online.com\/hr\/wp-json\/wp\/v2\/product_brand?post=52524"},{"taxonomy":"product_cat","embeddable":true,"href":"https:\/\/murter-online.com\/hr\/wp-json\/wp\/v2\/product_cat?post=52524"},{"taxonomy":"product_tag","embeddable":true,"href":"https:\/\/murter-online.com\/hr\/wp-json\/wp\/v2\/product_tag?post=52524"}],"curies":[{"name":"wp","href":"https:\/\/api.w.org\/{rel}","templated":true}]}}