{"id":52532,"date":"2025-01-06T16:32:49","date_gmt":"2025-01-06T16:32:49","guid":{"rendered":"https:\/\/murter.riot.hr\/?post_type=product&#038;p=52532"},"modified":"2025-04-05T05:44:59","modified_gmt":"2025-04-05T04:44:59","slug":"apartman-slavica-jersane-murter-a2-id-36","status":"publish","type":"product","link":"https:\/\/murter-online.com\/hr\/proizvod\/apartman-slavica-jersane-murter-a2-id-36\/","title":{"rendered":"Apartman Murter sa mjestom za brod A2 ID 36"},"content":{"rendered":"","protected":false},"excerpt":{"rendered":"<p>Apartman ima povr\u0161inu od 30 m2. Ima jednu spava\u0107u sobu u kojoj mogu spavati 2 odrasle osobe. Ima kupaonicu sa tu\u0161-kadom. Povr\u0161ina Balkon\/terase je 5 m2. Apartman se nalazi na drugom katu ku\u0107e. Apartman je opremljen sa tv-om, klimom. Parking je osiguran i uklju\u010den u cijenu. Apartman ima vez za \u010damac &#8211; koji mo\u017ee biti dodatno napla\u0107en.<\/p>\n","protected":false},"featured_media":33045,"template":"","meta":{"_acf_changed":false},"product_brand":[],"product_cat":[129,136],"product_tag":[],"class_list":{"0":"post-52532","1":"product","2":"type-product","3":"status-publish","4":"has-post-thumbnail","6":"product_cat-apartmani","7":"product_cat-apartmani-s-vezom-za-brod","9":"first","10":"instock","11":"sold-individually","12":"shipping-taxable","13":"purchasable","14":"product-type-phive_booking"},"acf":[],"_links":{"self":[{"href":"https:\/\/murter-online.com\/hr\/wp-json\/wp\/v2\/product\/52532","targetHints":{"allow":["GET"]}}],"collection":[{"href":"https:\/\/murter-online.com\/hr\/wp-json\/wp\/v2\/product"}],"about":[{"href":"https:\/\/murter-online.com\/hr\/wp-json\/wp\/v2\/types\/product"}],"wp:featuredmedia":[{"embeddable":true,"href":"https:\/\/murter-online.com\/hr\/wp-json\/wp\/v2\/media\/33045"}],"wp:attachment":[{"href":"https:\/\/murter-online.com\/hr\/wp-json\/wp\/v2\/media?parent=52532"}],"wp:term":[{"taxonomy":"product_brand","embeddable":true,"href":"https:\/\/murter-online.com\/hr\/wp-json\/wp\/v2\/product_brand?post=52532"},{"taxonomy":"product_cat","embeddable":true,"href":"https:\/\/murter-online.com\/hr\/wp-json\/wp\/v2\/product_cat?post=52532"},{"taxonomy":"product_tag","embeddable":true,"href":"https:\/\/murter-online.com\/hr\/wp-json\/wp\/v2\/product_tag?post=52532"}],"curies":[{"name":"wp","href":"https:\/\/api.w.org\/{rel}","templated":true}]}}