{"id":52538,"date":"2025-01-06T16:41:00","date_gmt":"2025-01-06T15:41:00","guid":{"rendered":"https:\/\/murter.riot.hr\/?post_type=product&#038;p=52538"},"modified":"2025-04-04T11:26:02","modified_gmt":"2025-04-04T10:26:02","slug":"apartman-slavica-jersane-seafront-a2-id-35","status":"publish","type":"product","link":"https:\/\/murter-online.com\/hr\/proizvod\/apartman-slavica-jersane-seafront-a2-id-35\/","title":{"rendered":"Apartman sa vezom za brod u Murteru A2 ID 35"},"content":{"rendered":"","protected":false},"excerpt":{"rendered":"<p>Apartman sa prekrasnim pogledom na more se nalazi na izvrsnoj lokaciji samo 30 metara udaljen od mora. Apartman ima povr\u0161inu od 30 m2. Ima jednu spava\u0107u sobu u kojoj mogu spavati 2 odrasle osobe. Ima dnevni boravak, koji se mo\u017ee koristiti za spavanje &#8211; Ima pomo\u0107ni le\u017eaj za jednu osobu. Ima kupaonicu sa tu\u0161-kadom. Povr\u0161ina Balkon\/terase je 5 m2. Apartman se nalazi na drugom katu ku\u0107e. Apartman je opremljen sa tv-om, klimom. Parking je osiguran i uklju\u010den u cijenu. Apartman ima vez za \u010damac.<\/p>\n","protected":false},"featured_media":33093,"template":"","meta":{"_acf_changed":false},"product_brand":[],"product_cat":[129,133,136],"product_tag":[],"class_list":{"0":"post-52538","1":"product","2":"type-product","3":"status-publish","4":"has-post-thumbnail","6":"product_cat-apartmani","7":"product_cat-apartmani-s-pogledom-na-more","8":"product_cat-apartmani-s-vezom-za-brod","10":"first","11":"instock","12":"sold-individually","13":"shipping-taxable","14":"purchasable","15":"product-type-phive_booking"},"acf":[],"_links":{"self":[{"href":"https:\/\/murter-online.com\/hr\/wp-json\/wp\/v2\/product\/52538","targetHints":{"allow":["GET"]}}],"collection":[{"href":"https:\/\/murter-online.com\/hr\/wp-json\/wp\/v2\/product"}],"about":[{"href":"https:\/\/murter-online.com\/hr\/wp-json\/wp\/v2\/types\/product"}],"wp:featuredmedia":[{"embeddable":true,"href":"https:\/\/murter-online.com\/hr\/wp-json\/wp\/v2\/media\/33093"}],"wp:attachment":[{"href":"https:\/\/murter-online.com\/hr\/wp-json\/wp\/v2\/media?parent=52538"}],"wp:term":[{"taxonomy":"product_brand","embeddable":true,"href":"https:\/\/murter-online.com\/hr\/wp-json\/wp\/v2\/product_brand?post=52538"},{"taxonomy":"product_cat","embeddable":true,"href":"https:\/\/murter-online.com\/hr\/wp-json\/wp\/v2\/product_cat?post=52538"},{"taxonomy":"product_tag","embeddable":true,"href":"https:\/\/murter-online.com\/hr\/wp-json\/wp\/v2\/product_tag?post=52538"}],"curies":[{"name":"wp","href":"https:\/\/api.w.org\/{rel}","templated":true}]}}