{"id":52542,"date":"2025-01-06T17:06:15","date_gmt":"2025-01-06T17:06:15","guid":{"rendered":"https:\/\/murter.riot.hr\/?post_type=product&#038;p=52542"},"modified":"2025-04-19T07:32:33","modified_gmt":"2025-04-19T06:32:33","slug":"apartman-slavica-jersane-seashell-a2-id-60","status":"publish","type":"product","link":"https:\/\/murter-online.com\/hr\/proizvod\/apartman-slavica-jersane-seashell-a2-id-60\/","title":{"rendered":"Apartman sa vezom za brod Slavica Murter A2 ID 60"},"content":{"rendered":"","protected":false},"excerpt":{"rendered":"<p>Apartman Slavica Jersane Seashell A2 ID 60 nalazi se nekoliko metara od gradske pla\u017ee Luke. Nalazi se u tihoj i mirnoj \u010detvrti. Apartman ima prostran balkon s kojeg moe\u017ee u\u017eivati u pogledu na more, brodove i okolne oto\u010di\u0107e. Apartman je opremljen klimom, SAT tv-om i besplatnim WiFi-em U cijenu su uklju\u010deni posteljina, ru\u010dnici i zavr\u0161no \u010di\u0161\u0107enje.<\/p>\n","protected":false},"featured_media":33165,"template":"","meta":{"_acf_changed":false},"product_brand":[],"product_cat":[129,133,136],"product_tag":[],"class_list":{"0":"post-52542","1":"product","2":"type-product","3":"status-publish","4":"has-post-thumbnail","6":"product_cat-apartmani","7":"product_cat-apartmani-s-pogledom-na-more","8":"product_cat-apartmani-s-vezom-za-brod","10":"first","11":"instock","12":"sold-individually","13":"shipping-taxable","14":"purchasable","15":"product-type-phive_booking"},"acf":[],"_links":{"self":[{"href":"https:\/\/murter-online.com\/hr\/wp-json\/wp\/v2\/product\/52542","targetHints":{"allow":["GET"]}}],"collection":[{"href":"https:\/\/murter-online.com\/hr\/wp-json\/wp\/v2\/product"}],"about":[{"href":"https:\/\/murter-online.com\/hr\/wp-json\/wp\/v2\/types\/product"}],"wp:featuredmedia":[{"embeddable":true,"href":"https:\/\/murter-online.com\/hr\/wp-json\/wp\/v2\/media\/33165"}],"wp:attachment":[{"href":"https:\/\/murter-online.com\/hr\/wp-json\/wp\/v2\/media?parent=52542"}],"wp:term":[{"taxonomy":"product_brand","embeddable":true,"href":"https:\/\/murter-online.com\/hr\/wp-json\/wp\/v2\/product_brand?post=52542"},{"taxonomy":"product_cat","embeddable":true,"href":"https:\/\/murter-online.com\/hr\/wp-json\/wp\/v2\/product_cat?post=52542"},{"taxonomy":"product_tag","embeddable":true,"href":"https:\/\/murter-online.com\/hr\/wp-json\/wp\/v2\/product_tag?post=52542"}],"curies":[{"name":"wp","href":"https:\/\/api.w.org\/{rel}","templated":true}]}}