{"id":52550,"date":"2025-01-06T17:28:37","date_gmt":"2025-01-06T17:28:37","guid":{"rendered":"https:\/\/murter.riot.hr\/?post_type=product&#038;p=52550"},"modified":"2025-04-17T07:16:17","modified_gmt":"2025-04-17T06:16:17","slug":"apartman-summer-holidays-in-murter-22-id-221","status":"publish","type":"product","link":"https:\/\/murter-online.com\/hr\/proizvod\/apartman-summer-holidays-in-murter-22-id-221\/","title":{"rendered":"Apartman sa pogledom na more Murter 2+2 ID 221"},"content":{"rendered":"","protected":false},"excerpt":{"rendered":"<p>Apartman sa panoramskim pogledom na more u Murteru. Apartman ima jednu spava\u0107u sobu u kojoj mogu spavati dvije osobe, u dnevnom boravku ima pomo\u0107ni le\u017eaj koji se mo\u017ee koristiti za spavanje. Kuhinja je potpuno opremljena. Za goste apartmana osiguran je besplatan parking u dvori\u0161tu. Postoji vanjski ro\u0161tilj koji se mo\u017ee koristiti. Apartman se nalazi na odli\u010dnoj poziciji. Gradska pla\u017ea Luke , pje\u0161\u010dana pla\u017ea Slanica i centar mjesta nalaze se na pje\u0161a\u010dkoj udaljenosti. Cijenik vrijedi za 2 osobe.<\/p>\n","protected":false},"featured_media":33377,"template":"","meta":{"_acf_changed":false},"product_brand":[],"product_cat":[129,133],"product_tag":[],"class_list":{"0":"post-52550","1":"product","2":"type-product","3":"status-publish","4":"has-post-thumbnail","6":"product_cat-apartmani","7":"product_cat-apartmani-s-pogledom-na-more","9":"first","10":"instock","11":"sold-individually","12":"shipping-taxable","13":"purchasable","14":"product-type-phive_booking"},"acf":[],"_links":{"self":[{"href":"https:\/\/murter-online.com\/hr\/wp-json\/wp\/v2\/product\/52550","targetHints":{"allow":["GET"]}}],"collection":[{"href":"https:\/\/murter-online.com\/hr\/wp-json\/wp\/v2\/product"}],"about":[{"href":"https:\/\/murter-online.com\/hr\/wp-json\/wp\/v2\/types\/product"}],"wp:featuredmedia":[{"embeddable":true,"href":"https:\/\/murter-online.com\/hr\/wp-json\/wp\/v2\/media\/33377"}],"wp:attachment":[{"href":"https:\/\/murter-online.com\/hr\/wp-json\/wp\/v2\/media?parent=52550"}],"wp:term":[{"taxonomy":"product_brand","embeddable":true,"href":"https:\/\/murter-online.com\/hr\/wp-json\/wp\/v2\/product_brand?post=52550"},{"taxonomy":"product_cat","embeddable":true,"href":"https:\/\/murter-online.com\/hr\/wp-json\/wp\/v2\/product_cat?post=52550"},{"taxonomy":"product_tag","embeddable":true,"href":"https:\/\/murter-online.com\/hr\/wp-json\/wp\/v2\/product_tag?post=52550"}],"curies":[{"name":"wp","href":"https:\/\/api.w.org\/{rel}","templated":true}]}}