{"id":52554,"date":"2025-01-06T17:42:30","date_gmt":"2025-01-06T17:42:30","guid":{"rendered":"https:\/\/murter.riot.hr\/?post_type=product&#038;p=52554"},"modified":"2025-04-04T09:08:46","modified_gmt":"2025-04-04T08:08:46","slug":"apartman-summer-in-murter-a22-id-97","status":"publish","type":"product","link":"https:\/\/murter-online.com\/hr\/proizvod\/apartman-summer-in-murter-a22-id-97\/","title":{"rendered":"Apartman Murter blizu pla\u017ee Slanica A2+2 ID 97"},"content":{"rendered":"","protected":false},"excerpt":{"rendered":"<p>Apartman Summer Joy A2+2 ID 97 smje\u0161ten je na izvrsnoj lokaciji -Nalazi se u blizini pje\u0161\u0107ane pla\u017ee Slanice &#8211; Apartman se sastoji od jedne spava\u0107e sobe sa bra\u010dnim krevetom te kau\u010dem na rastezanje na kojem mogu spavati 1 ili 2 osobe. &#8211; Apartman ima dvori\u0161te i vanjski ro\u0161tilj koji mo\u017eete koristiti &#8211; Od centra je udaljen 15-ak minuta hoda.<\/p>\n","protected":false},"featured_media":60510,"template":"","meta":{"_acf_changed":false},"product_brand":[],"product_cat":[129,135],"product_tag":[],"class_list":{"0":"post-52554","1":"product","2":"type-product","3":"status-publish","4":"has-post-thumbnail","6":"product_cat-apartmani","7":"product_cat-obiteljski-apartmani","9":"first","10":"instock","11":"sold-individually","12":"shipping-taxable","13":"purchasable","14":"product-type-phive_booking"},"acf":[],"_links":{"self":[{"href":"https:\/\/murter-online.com\/hr\/wp-json\/wp\/v2\/product\/52554","targetHints":{"allow":["GET"]}}],"collection":[{"href":"https:\/\/murter-online.com\/hr\/wp-json\/wp\/v2\/product"}],"about":[{"href":"https:\/\/murter-online.com\/hr\/wp-json\/wp\/v2\/types\/product"}],"wp:featuredmedia":[{"embeddable":true,"href":"https:\/\/murter-online.com\/hr\/wp-json\/wp\/v2\/media\/60510"}],"wp:attachment":[{"href":"https:\/\/murter-online.com\/hr\/wp-json\/wp\/v2\/media?parent=52554"}],"wp:term":[{"taxonomy":"product_brand","embeddable":true,"href":"https:\/\/murter-online.com\/hr\/wp-json\/wp\/v2\/product_brand?post=52554"},{"taxonomy":"product_cat","embeddable":true,"href":"https:\/\/murter-online.com\/hr\/wp-json\/wp\/v2\/product_cat?post=52554"},{"taxonomy":"product_tag","embeddable":true,"href":"https:\/\/murter-online.com\/hr\/wp-json\/wp\/v2\/product_tag?post=52554"}],"curies":[{"name":"wp","href":"https:\/\/api.w.org\/{rel}","templated":true}]}}