{"id":52559,"date":"2025-01-06T17:49:09","date_gmt":"2025-01-06T17:49:09","guid":{"rendered":"https:\/\/murter.riot.hr\/?post_type=product&#038;p=52559"},"modified":"2025-04-03T19:49:29","modified_gmt":"2025-04-03T18:49:29","slug":"apartman-summer-in-murter-a22-id-98","status":"publish","type":"product","link":"https:\/\/murter-online.com\/hr\/proizvod\/apartman-summer-in-murter-a22-id-98\/","title":{"rendered":"Murter smje\u0161taj &#8211; apartman za 2 osobe blizu Slanice A2+2 ID 98"},"content":{"rendered":"","protected":false},"excerpt":{"rendered":"<p>Apartman Red Joy A2 + 2 ID 98 nalazi se na izvrsnoj lokaciji -Nalazi se u blizini pje\u0161\u010dane pla\u017ee Slanice &#8211; Apartman se sastoji od spava\u0107e sobe s bra\u010dnim krevetom i kau\u010da na razvla\u010denje na kojem mogu spavati 1 ili 2 osobe. &#8211; Apartman ima dvori\u0161te i vanjski ro\u0161tilj koji mo\u017eete koristiti &#8211; Udaljeno je 15ak minuta hoda od centra.<\/p>\n","protected":false},"featured_media":60585,"template":"","meta":{"_acf_changed":false},"product_brand":[],"product_cat":[135],"product_tag":[],"class_list":{"0":"post-52559","1":"product","2":"type-product","3":"status-publish","4":"has-post-thumbnail","6":"product_cat-obiteljski-apartmani","8":"first","9":"instock","10":"sold-individually","11":"shipping-taxable","12":"purchasable","13":"product-type-phive_booking"},"acf":[],"_links":{"self":[{"href":"https:\/\/murter-online.com\/hr\/wp-json\/wp\/v2\/product\/52559","targetHints":{"allow":["GET"]}}],"collection":[{"href":"https:\/\/murter-online.com\/hr\/wp-json\/wp\/v2\/product"}],"about":[{"href":"https:\/\/murter-online.com\/hr\/wp-json\/wp\/v2\/types\/product"}],"wp:featuredmedia":[{"embeddable":true,"href":"https:\/\/murter-online.com\/hr\/wp-json\/wp\/v2\/media\/60585"}],"wp:attachment":[{"href":"https:\/\/murter-online.com\/hr\/wp-json\/wp\/v2\/media?parent=52559"}],"wp:term":[{"taxonomy":"product_brand","embeddable":true,"href":"https:\/\/murter-online.com\/hr\/wp-json\/wp\/v2\/product_brand?post=52559"},{"taxonomy":"product_cat","embeddable":true,"href":"https:\/\/murter-online.com\/hr\/wp-json\/wp\/v2\/product_cat?post=52559"},{"taxonomy":"product_tag","embeddable":true,"href":"https:\/\/murter-online.com\/hr\/wp-json\/wp\/v2\/product_tag?post=52559"}],"curies":[{"name":"wp","href":"https:\/\/api.w.org\/{rel}","templated":true}]}}