{"id":52575,"date":"2025-01-06T19:56:28","date_gmt":"2025-01-06T19:56:28","guid":{"rendered":"https:\/\/murter.riot.hr\/?post_type=product&#038;p=52575"},"modified":"2025-01-26T16:25:27","modified_gmt":"2025-01-26T16:25:27","slug":"apartman-sa-vezom-za-brod-murter-kornati-a21-id-259","status":"publish","type":"product","link":"https:\/\/murter-online.com\/hr\/proizvod\/apartman-sa-vezom-za-brod-murter-kornati-a21-id-259\/","title":{"rendered":"Apartman sa vezom za brod Murter Kornati A2+1 id 259"},"content":{"rendered":"","protected":false},"excerpt":{"rendered":"<p>Apartman za max. 3 osobe nalazi se na drugom katu ku\u0107e. Apartman ima pogled na more. Apartman ima jednu spava\u0107u sobu u kojoj mogu spavati 2 odrasle osobe, u dnevnom boravku nalazi se pomo\u0107ni le\u017eaj (kau\u010d) koji se mo\u017ee koristiti za spavanje. Apartman je opremljen ma\u0161inom za su\u0111e, ma\u0161inom za pranje rublja, klimom Wi-Fi internetom. U dvori\u0161tu apartmana nalazi se besplatan parking za automobil. Postoji vanjski ro\u0161tilj koji se mo\u017ee besplatno koristiti.<\/p>\n","protected":false},"featured_media":34645,"template":"","meta":{"_acf_changed":false},"product_brand":[],"product_cat":[133],"product_tag":[],"class_list":{"0":"post-52575","1":"product","2":"type-product","3":"status-publish","4":"has-post-thumbnail","6":"product_cat-apartmani-s-pogledom-na-more","8":"first","9":"instock","10":"sold-individually","11":"shipping-taxable","12":"purchasable","13":"product-type-phive_booking"},"acf":[],"_links":{"self":[{"href":"https:\/\/murter-online.com\/hr\/wp-json\/wp\/v2\/product\/52575","targetHints":{"allow":["GET"]}}],"collection":[{"href":"https:\/\/murter-online.com\/hr\/wp-json\/wp\/v2\/product"}],"about":[{"href":"https:\/\/murter-online.com\/hr\/wp-json\/wp\/v2\/types\/product"}],"wp:featuredmedia":[{"embeddable":true,"href":"https:\/\/murter-online.com\/hr\/wp-json\/wp\/v2\/media\/34645"}],"wp:attachment":[{"href":"https:\/\/murter-online.com\/hr\/wp-json\/wp\/v2\/media?parent=52575"}],"wp:term":[{"taxonomy":"product_brand","embeddable":true,"href":"https:\/\/murter-online.com\/hr\/wp-json\/wp\/v2\/product_brand?post=52575"},{"taxonomy":"product_cat","embeddable":true,"href":"https:\/\/murter-online.com\/hr\/wp-json\/wp\/v2\/product_cat?post=52575"},{"taxonomy":"product_tag","embeddable":true,"href":"https:\/\/murter-online.com\/hr\/wp-json\/wp\/v2\/product_tag?post=52575"}],"curies":[{"name":"wp","href":"https:\/\/api.w.org\/{rel}","templated":true}]}}