{"id":52584,"date":"2025-01-06T20:21:15","date_gmt":"2025-01-06T20:21:15","guid":{"rendered":"https:\/\/murter.riot.hr\/?post_type=product&#038;p=52584"},"modified":"2025-04-19T07:47:30","modified_gmt":"2025-04-19T06:47:30","slug":"apartman-sa-pogledom-na-more-murter-22-id-219","status":"publish","type":"product","link":"https:\/\/murter-online.com\/hr\/proizvod\/apartman-sa-pogledom-na-more-murter-22-id-219\/","title":{"rendered":"Apartman Murter sa pogledom na more 2+2 ID 219"},"content":{"rendered":"","protected":false},"excerpt":{"rendered":"<p>Apartman sa panoramskim pogledom na more u Murteru. Apartman ima jednu spava\u0107u sobu u kojoj mogu spavati dvije osobe, u dnevnom boravku ima pomo\u0107ni le\u017eaj koji se mo\u017ee koristiti za spavanje. Kuhinja je potpuno opremljena. Za goste apartmana osiguran je besplatan parking u dvori\u0161tu. Postoji vanjski ro\u0161tilj koji se mo\u017ee koristiti. Apartman se nalazi na odli\u010dnoj poziciji. Gradska pla\u017ea Luke , pje\u0161\u010dana pla\u017ea Slanica i centar mjesta nalaze se na pje\u0161a\u010dkoj udaljenosti. Cijenik vrijedi za dvije osobe.<\/p>\n","protected":false},"featured_media":34843,"template":"","meta":{"_acf_changed":false},"product_brand":[],"product_cat":[133,135],"product_tag":[],"class_list":{"0":"post-52584","1":"product","2":"type-product","3":"status-publish","4":"has-post-thumbnail","6":"product_cat-apartmani-s-pogledom-na-more","7":"product_cat-obiteljski-apartmani","9":"first","10":"instock","11":"sold-individually","12":"shipping-taxable","13":"purchasable","14":"product-type-phive_booking"},"acf":[],"_links":{"self":[{"href":"https:\/\/murter-online.com\/hr\/wp-json\/wp\/v2\/product\/52584","targetHints":{"allow":["GET"]}}],"collection":[{"href":"https:\/\/murter-online.com\/hr\/wp-json\/wp\/v2\/product"}],"about":[{"href":"https:\/\/murter-online.com\/hr\/wp-json\/wp\/v2\/types\/product"}],"wp:featuredmedia":[{"embeddable":true,"href":"https:\/\/murter-online.com\/hr\/wp-json\/wp\/v2\/media\/34843"}],"wp:attachment":[{"href":"https:\/\/murter-online.com\/hr\/wp-json\/wp\/v2\/media?parent=52584"}],"wp:term":[{"taxonomy":"product_brand","embeddable":true,"href":"https:\/\/murter-online.com\/hr\/wp-json\/wp\/v2\/product_brand?post=52584"},{"taxonomy":"product_cat","embeddable":true,"href":"https:\/\/murter-online.com\/hr\/wp-json\/wp\/v2\/product_cat?post=52584"},{"taxonomy":"product_tag","embeddable":true,"href":"https:\/\/murter-online.com\/hr\/wp-json\/wp\/v2\/product_tag?post=52584"}],"curies":[{"name":"wp","href":"https:\/\/api.w.org\/{rel}","templated":true}]}}