{"id":52592,"date":"2025-01-06T20:53:01","date_gmt":"2025-01-06T20:53:01","guid":{"rendered":"https:\/\/murter.riot.hr\/?post_type=product&#038;p=52592"},"modified":"2025-03-29T19:26:24","modified_gmt":"2025-03-29T18:26:24","slug":"kuca-uz-more-murter-podraduc-a22-id-323","status":"publish","type":"product","link":"https:\/\/murter-online.com\/hr\/proizvod\/kuca-uz-more-murter-podraduc-a22-id-323\/","title":{"rendered":"Ku\u0107a za odmor uz more Murter Podradu\u010d A2+2 ID 323"},"content":{"rendered":"","protected":false},"excerpt":{"rendered":"<p>Ku\u0107a za odmor uz more iznajmljuje se kao samostalni objekt. Ku\u0107a je smje\u0161tena na atraktivnom dijelu otoka na mirnom i tihom mjestu. Prednja terasa ku\u0107e ima pogled na more i Kornate. Ku\u0107a je potpuno opremljena. U prizemlju se nalazi spava\u0107a soba sa bra\u010dnim krevetom, wc sa kupaonom i dnevni boravak u kojem se nalazi kau\u010d na razvla\u010denje koji se mo\u017ee koristiti kao pomo\u0107ni le\u017eaj za 2 osobe. Na galeriji ku\u0107e nalazi se kuhinja. U kuhinji se nalazi fri\u017eider, pe\u0107nica, aparat za kavu i kuhalo za vodu i sve ostalo potrebno za pripremu i konzumiranje hrane i pi\u0107a. U ku\u0107i se nalazi klima i besplatni WiFi. ispred ku\u0107e u dvori\u0161tu je besplatan parking za goste ku\u0107e. Postoji ro\u0161tilj koji se mo\u017ee besplatno koristiti. Tijekom dana kada je prednja terasa na suncu za boravak na otvorenom mo\u017ee se koristiti stra\u017enja terasa u prirodnom hladu. Tijekom jutra i predve\u010der mo\u017ee se nesmetano boraviti na prednjoj terasi. Ku\u0107a ima dosta veliki ogra\u0111eni vanjski prostor stoga je pogodna za manje obitelji sa djecom.<\/p>\n","protected":false},"featured_media":35056,"template":"","meta":{"_acf_changed":false},"product_brand":[],"product_cat":[133,139],"product_tag":[],"class_list":{"0":"post-52592","1":"product","2":"type-product","3":"status-publish","4":"has-post-thumbnail","6":"product_cat-apartmani-s-pogledom-na-more","7":"product_cat-kuce-za-odmor","9":"first","10":"instock","11":"sold-individually","12":"shipping-taxable","13":"purchasable","14":"product-type-phive_booking"},"acf":[],"_links":{"self":[{"href":"https:\/\/murter-online.com\/hr\/wp-json\/wp\/v2\/product\/52592","targetHints":{"allow":["GET"]}}],"collection":[{"href":"https:\/\/murter-online.com\/hr\/wp-json\/wp\/v2\/product"}],"about":[{"href":"https:\/\/murter-online.com\/hr\/wp-json\/wp\/v2\/types\/product"}],"wp:featuredmedia":[{"embeddable":true,"href":"https:\/\/murter-online.com\/hr\/wp-json\/wp\/v2\/media\/35056"}],"wp:attachment":[{"href":"https:\/\/murter-online.com\/hr\/wp-json\/wp\/v2\/media?parent=52592"}],"wp:term":[{"taxonomy":"product_brand","embeddable":true,"href":"https:\/\/murter-online.com\/hr\/wp-json\/wp\/v2\/product_brand?post=52592"},{"taxonomy":"product_cat","embeddable":true,"href":"https:\/\/murter-online.com\/hr\/wp-json\/wp\/v2\/product_cat?post=52592"},{"taxonomy":"product_tag","embeddable":true,"href":"https:\/\/murter-online.com\/hr\/wp-json\/wp\/v2\/product_tag?post=52592"}],"curies":[{"name":"wp","href":"https:\/\/api.w.org\/{rel}","templated":true}]}}