{"id":52600,"date":"2025-01-07T07:13:04","date_gmt":"2025-01-07T06:13:04","guid":{"rendered":"https:\/\/murter.riot.hr\/?post_type=product&#038;p=52600"},"modified":"2026-01-30T09:13:56","modified_gmt":"2026-01-30T08:13:56","slug":"mobilna-kuca-na-plazi-slanica-murter-a22-id-246","status":"publish","type":"product","link":"https:\/\/murter-online.com\/hr\/proizvod\/mobilna-kuca-na-plazi-slanica-murter-a22-id-246\/","title":{"rendered":"Mobilna ku\u0107a na pla\u017ei u Murteru &#8211; pla\u017ea Slanica A2+1 ID 246"},"content":{"rendered":"","protected":false},"excerpt":{"rendered":"<p>Mobilna ku\u0107a blizu pje\u0161\u010dane pla\u017ee Slanica sa pogledom na more! Ku\u0107a ima jednu spava\u0107u sobu u kojoj mogu spavati dvije odrasle osobe. Ku\u0107a ima dnevni boravak sa kau\u010dem (pomo\u0107ni le\u017eaj )koji se mo\u017ee koristiti za spavanje. Na njemu mo\u017ee spavati jedna odrasla osoba ili dvoje djece.Kuhinja je potpuno opremljena.Ku\u0107ica ima opremljen vanjski prostor za boravak na otvorenom .Ku\u0107ica ima klimu, WiFi internet.Parking za automobil nalazi se ispred ku\u0107e i uklju\u010den je u cijenu.<\/p>\n","protected":false},"featured_media":35264,"template":"","meta":{"_acf_changed":false},"product_brand":[],"product_cat":[133,141],"product_tag":[],"class_list":{"0":"post-52600","1":"product","2":"type-product","3":"status-publish","4":"has-post-thumbnail","6":"product_cat-apartmani-s-pogledom-na-more","7":"product_cat-mobilne-kuce","9":"first","10":"instock","11":"sold-individually","12":"shipping-taxable","13":"purchasable","14":"product-type-phive_booking"},"acf":[],"_links":{"self":[{"href":"https:\/\/murter-online.com\/hr\/wp-json\/wp\/v2\/product\/52600","targetHints":{"allow":["GET"]}}],"collection":[{"href":"https:\/\/murter-online.com\/hr\/wp-json\/wp\/v2\/product"}],"about":[{"href":"https:\/\/murter-online.com\/hr\/wp-json\/wp\/v2\/types\/product"}],"wp:featuredmedia":[{"embeddable":true,"href":"https:\/\/murter-online.com\/hr\/wp-json\/wp\/v2\/media\/35264"}],"wp:attachment":[{"href":"https:\/\/murter-online.com\/hr\/wp-json\/wp\/v2\/media?parent=52600"}],"wp:term":[{"taxonomy":"product_brand","embeddable":true,"href":"https:\/\/murter-online.com\/hr\/wp-json\/wp\/v2\/product_brand?post=52600"},{"taxonomy":"product_cat","embeddable":true,"href":"https:\/\/murter-online.com\/hr\/wp-json\/wp\/v2\/product_cat?post=52600"},{"taxonomy":"product_tag","embeddable":true,"href":"https:\/\/murter-online.com\/hr\/wp-json\/wp\/v2\/product_tag?post=52600"}],"curies":[{"name":"wp","href":"https:\/\/api.w.org\/{rel}","templated":true}]}}