{"id":52605,"date":"2025-01-07T07:21:48","date_gmt":"2025-01-07T07:21:48","guid":{"rendered":"https:\/\/murter.riot.hr\/?post_type=product&#038;p=52605"},"modified":"2025-04-04T12:45:01","modified_gmt":"2025-04-04T11:45:01","slug":"mala-kuca-za-odmor-u-murteru-a21-id-266","status":"publish","type":"product","link":"https:\/\/murter-online.com\/hr\/proizvod\/mala-kuca-za-odmor-u-murteru-a21-id-266\/","title":{"rendered":"Mala ku\u0107a za odmor Murter A2+1 ID 266"},"content":{"rendered":"","protected":false},"excerpt":{"rendered":"<p>Mala ku\u0107a za odmor smje\u0161tena je u mjestu Murter, na 250 metara od centra Murtera na mirnom i tihom mjestu. To je zaseban objekt koji se sastoji od jedne spava\u0107e sobe ,kuhinje , dnevnog boravka i wc-a sa kupaonom. Od lokalne pla\u017ee Luke apartman (ku\u0107a) je udaljen oko 450 metara. Mala ku\u0107a opremljena je klimom, Wi-Fi internetom, pe\u0107nicom i perilicom za pranje rublja, fri\u017eiderom sa zamrziva\u010dem. Parking je osiguran u dvori\u0161tu ispred ku\u0107e i uklju\u010den je u cijenu apartmana. Postoji vanjski ro\u0161tilj koji se mo\u017ee koristiti.<\/p>\n","protected":false},"featured_media":35324,"template":"","meta":{"_acf_changed":false},"product_brand":[],"product_cat":[139],"product_tag":[],"class_list":{"0":"post-52605","1":"product","2":"type-product","3":"status-publish","4":"has-post-thumbnail","6":"product_cat-kuce-za-odmor","8":"first","9":"instock","10":"sold-individually","11":"shipping-taxable","12":"purchasable","13":"product-type-phive_booking"},"acf":[],"_links":{"self":[{"href":"https:\/\/murter-online.com\/hr\/wp-json\/wp\/v2\/product\/52605","targetHints":{"allow":["GET"]}}],"collection":[{"href":"https:\/\/murter-online.com\/hr\/wp-json\/wp\/v2\/product"}],"about":[{"href":"https:\/\/murter-online.com\/hr\/wp-json\/wp\/v2\/types\/product"}],"wp:featuredmedia":[{"embeddable":true,"href":"https:\/\/murter-online.com\/hr\/wp-json\/wp\/v2\/media\/35324"}],"wp:attachment":[{"href":"https:\/\/murter-online.com\/hr\/wp-json\/wp\/v2\/media?parent=52605"}],"wp:term":[{"taxonomy":"product_brand","embeddable":true,"href":"https:\/\/murter-online.com\/hr\/wp-json\/wp\/v2\/product_brand?post=52605"},{"taxonomy":"product_cat","embeddable":true,"href":"https:\/\/murter-online.com\/hr\/wp-json\/wp\/v2\/product_cat?post=52605"},{"taxonomy":"product_tag","embeddable":true,"href":"https:\/\/murter-online.com\/hr\/wp-json\/wp\/v2\/product_tag?post=52605"}],"curies":[{"name":"wp","href":"https:\/\/api.w.org\/{rel}","templated":true}]}}