{"id":52617,"date":"2025-01-08T19:16:25","date_gmt":"2025-01-08T19:16:25","guid":{"rendered":"https:\/\/murter.riot.hr\/?post_type=product&#038;p=52617"},"modified":"2025-03-29T09:36:37","modified_gmt":"2025-03-29T08:36:37","slug":"mobilna-kucica-lostura-sea-heaven-a41-id-75","status":"publish","type":"product","link":"https:\/\/murter-online.com\/hr\/proizvod\/mobilna-kucica-lostura-sea-heaven-a41-id-75\/","title":{"rendered":"Mobilna ku\u0107a na pla\u017ei Murter pla\u017ea Slanica A4+1 ID 75"},"content":{"rendered":"","protected":false},"excerpt":{"rendered":"<p>Apartman sa prekrasnim pogledom na more se nalazi na izvrsnoj lokaciji samo 40 metara udaljen od mora. Ima dvije spava\u0107e sobe. Ima kupaonicu sa tu\u0161-kadom. Povr\u0161ina Balkon\/terase je 40 m2. Apartman se nalazi u prizemlju. Apartman je opremljen sa tv-om, klimom, satelitskim prijemnikom, besplatnim wifi internet priklju\u010dkom. Parking je osiguran i uklju\u010den u cijenu. Apartman je oko 1000m udaljen od centra mjesta a 40 m od mora ili prve pla\u017ee u mjestu Murter. Ku\u0107ni ljubimci su dozvoljeni. Apartman se nalazi svega 2 minute hoda do pla\u017ee Slanica i 3 minute hoda do trgovine. Svega 5 minuta hoda do pjeskovite pla\u017ee Podvr\u0161ke. Apartman je udaljen od centra 20 minuta hoda.<\/p>\n","protected":false},"featured_media":36034,"template":"","meta":{"_acf_changed":false},"product_brand":[],"product_cat":[129,133,141,135],"product_tag":[],"class_list":{"0":"post-52617","1":"product","2":"type-product","3":"status-publish","4":"has-post-thumbnail","6":"product_cat-apartmani","7":"product_cat-apartmani-s-pogledom-na-more","8":"product_cat-mobilne-kuce","9":"product_cat-obiteljski-apartmani","11":"first","12":"instock","13":"sold-individually","14":"shipping-taxable","15":"purchasable","16":"product-type-phive_booking"},"acf":[],"_links":{"self":[{"href":"https:\/\/murter-online.com\/hr\/wp-json\/wp\/v2\/product\/52617","targetHints":{"allow":["GET"]}}],"collection":[{"href":"https:\/\/murter-online.com\/hr\/wp-json\/wp\/v2\/product"}],"about":[{"href":"https:\/\/murter-online.com\/hr\/wp-json\/wp\/v2\/types\/product"}],"wp:featuredmedia":[{"embeddable":true,"href":"https:\/\/murter-online.com\/hr\/wp-json\/wp\/v2\/media\/36034"}],"wp:attachment":[{"href":"https:\/\/murter-online.com\/hr\/wp-json\/wp\/v2\/media?parent=52617"}],"wp:term":[{"taxonomy":"product_brand","embeddable":true,"href":"https:\/\/murter-online.com\/hr\/wp-json\/wp\/v2\/product_brand?post=52617"},{"taxonomy":"product_cat","embeddable":true,"href":"https:\/\/murter-online.com\/hr\/wp-json\/wp\/v2\/product_cat?post=52617"},{"taxonomy":"product_tag","embeddable":true,"href":"https:\/\/murter-online.com\/hr\/wp-json\/wp\/v2\/product_tag?post=52617"}],"curies":[{"name":"wp","href":"https:\/\/api.w.org\/{rel}","templated":true}]}}