{"id":52641,"date":"2025-01-19T13:44:01","date_gmt":"2025-01-19T13:44:01","guid":{"rendered":"https:\/\/murter.riot.hr\/?post_type=product&#038;p=52641"},"modified":"2025-04-25T09:39:55","modified_gmt":"2025-04-25T08:39:55","slug":"apartman-smjestaj-u-murter-1-a4-id-230-2","status":"publish","type":"product","link":"https:\/\/murter-online.com\/hr\/proizvod\/apartman-smjestaj-u-murter-1-a4-id-230-2\/","title":{"rendered":"Apartman za 4 osobe &#8211; Smje\u0161taj u Murteru 1 A4 ID 230"},"content":{"rendered":"","protected":false},"excerpt":{"rendered":"<p>Apartman za \u010detiri osobe koji se nalazi u prizemlju ku\u0107e i sastoji se od dvije spava\u0107e sobe (jedan bra\u010dni krevet i dva odvojena kreveta (dim. 200&#215;90), kuhinjom, kupaonicom i velikom terasom (18m2). Apartman je opremljen sa TV i klima ure\u0111ajem, wi-fi, kuhinjska pe\u0107 te mikrovalna i fri\u017eider sa ledenicom. Ispred apartmana imamo i vanjski grill koji gosti u svakom trenutku mogu koristiti. Parking je osiguran te se nalazi u dvori\u0161tu ku\u0107e.<\/p>\n","protected":false},"featured_media":36618,"template":"","meta":{"_acf_changed":false},"product_brand":[],"product_cat":[129,135],"product_tag":[],"class_list":{"0":"post-52641","1":"product","2":"type-product","3":"status-publish","4":"has-post-thumbnail","6":"product_cat-apartmani","7":"product_cat-obiteljski-apartmani","9":"first","10":"instock","11":"sold-individually","12":"shipping-taxable","13":"purchasable","14":"product-type-phive_booking"},"acf":[],"_links":{"self":[{"href":"https:\/\/murter-online.com\/hr\/wp-json\/wp\/v2\/product\/52641","targetHints":{"allow":["GET"]}}],"collection":[{"href":"https:\/\/murter-online.com\/hr\/wp-json\/wp\/v2\/product"}],"about":[{"href":"https:\/\/murter-online.com\/hr\/wp-json\/wp\/v2\/types\/product"}],"wp:featuredmedia":[{"embeddable":true,"href":"https:\/\/murter-online.com\/hr\/wp-json\/wp\/v2\/media\/36618"}],"wp:attachment":[{"href":"https:\/\/murter-online.com\/hr\/wp-json\/wp\/v2\/media?parent=52641"}],"wp:term":[{"taxonomy":"product_brand","embeddable":true,"href":"https:\/\/murter-online.com\/hr\/wp-json\/wp\/v2\/product_brand?post=52641"},{"taxonomy":"product_cat","embeddable":true,"href":"https:\/\/murter-online.com\/hr\/wp-json\/wp\/v2\/product_cat?post=52641"},{"taxonomy":"product_tag","embeddable":true,"href":"https:\/\/murter-online.com\/hr\/wp-json\/wp\/v2\/product_tag?post=52641"}],"curies":[{"name":"wp","href":"https:\/\/api.w.org\/{rel}","templated":true}]}}