{"id":52654,"date":"2025-01-08T20:32:44","date_gmt":"2025-01-08T20:32:44","guid":{"rendered":"https:\/\/murter.riot.hr\/?post_type=product&#038;p=52654"},"modified":"2025-04-12T07:35:58","modified_gmt":"2025-04-12T06:35:58","slug":"apartman-adelaide-podraduc-murter-a41-id-15","status":"publish","type":"product","link":"https:\/\/murter-online.com\/hr\/proizvod\/apartman-adelaide-podraduc-murter-a41-id-15\/","title":{"rendered":"Apartman uz more Adelaide Podradu\u010d Murter A4+1 ID 15"},"content":{"rendered":"","protected":false},"excerpt":{"rendered":"<p>Apartman sa prekrasnim pogledom na more se nalazi na izvrsnoj lokaciji samo 50 metara udaljen od mora. Apartman ima povr\u0161inu od 50 m2. Ima dvije spava\u0107e sobe u kojima mogu spavati 5 odraslih osoba. Ima dnevni boravak, koji se mo\u017ee koristiti za spavanje &#8211; Ima pomo\u0107ni le\u017eaj za jednu osobu. Ima kupaonicu sa tu\u0161-kadom. Povr\u0161ina Balkon\/terase je 12 m2. Apartman se nalazi na drugom katu ku\u0107e. Apartman je opremljen sa tv-om, klimom, satelitskim prijemnikom. Parking je osiguran i uklju\u010den u cijenu. Apartman je oko 2000 metara udaljen od centra mjesta a 50 metara od mora ili prve pla\u017ee u mjestu Murter. Ku\u0107ni ljubimci nisu dozvoljeni. Murter-Podraduc Apartman se nalazi svega 4 minute hoda do pla\u017ee Slanica i svega 7 minuta hoda do trgovine. Apartman je udaljen 15 minuta hoda od centra Murtera.<\/p>\n","protected":false},"featured_media":36834,"template":"","meta":{"_acf_changed":false},"product_brand":[],"product_cat":[129,133,135],"product_tag":[],"class_list":{"0":"post-52654","1":"product","2":"type-product","3":"status-publish","4":"has-post-thumbnail","6":"product_cat-apartmani","7":"product_cat-apartmani-s-pogledom-na-more","8":"product_cat-obiteljski-apartmani","10":"first","11":"instock","12":"sold-individually","13":"shipping-taxable","14":"purchasable","15":"product-type-phive_booking"},"acf":[],"_links":{"self":[{"href":"https:\/\/murter-online.com\/hr\/wp-json\/wp\/v2\/product\/52654","targetHints":{"allow":["GET"]}}],"collection":[{"href":"https:\/\/murter-online.com\/hr\/wp-json\/wp\/v2\/product"}],"about":[{"href":"https:\/\/murter-online.com\/hr\/wp-json\/wp\/v2\/types\/product"}],"wp:featuredmedia":[{"embeddable":true,"href":"https:\/\/murter-online.com\/hr\/wp-json\/wp\/v2\/media\/36834"}],"wp:attachment":[{"href":"https:\/\/murter-online.com\/hr\/wp-json\/wp\/v2\/media?parent=52654"}],"wp:term":[{"taxonomy":"product_brand","embeddable":true,"href":"https:\/\/murter-online.com\/hr\/wp-json\/wp\/v2\/product_brand?post=52654"},{"taxonomy":"product_cat","embeddable":true,"href":"https:\/\/murter-online.com\/hr\/wp-json\/wp\/v2\/product_cat?post=52654"},{"taxonomy":"product_tag","embeddable":true,"href":"https:\/\/murter-online.com\/hr\/wp-json\/wp\/v2\/product_tag?post=52654"}],"curies":[{"name":"wp","href":"https:\/\/api.w.org\/{rel}","templated":true}]}}