{"id":52664,"date":"2025-01-08T21:38:51","date_gmt":"2025-01-08T20:38:51","guid":{"rendered":"https:\/\/murter.riot.hr\/?post_type=product&#038;p=52664"},"modified":"2026-03-06T21:40:16","modified_gmt":"2026-03-06T20:40:16","slug":"apartman-charming-central-luke-beach-a41","status":"publish","type":"product","link":"https:\/\/murter-online.com\/hr\/proizvod\/apartman-charming-central-luke-beach-a41\/","title":{"rendered":"Obiteljski apartman blizu pla\u017ee Luke Charming Central A4+1"},"content":{"rendered":"","protected":false},"excerpt":{"rendered":"<p>Prekrasan apartman sa dvije spava\u0107e sobe u kojima mogu spavati 4 odrasle osobe. Apartman ima dnevni boravak u kojem se nalazi kau\u010d koji se mo\u017ee koristiti kao pomo\u0107ni le\u017eaj za jednu osobu. Apartman je smje\u0161ten na izvrsnoj lokaciji, udaljen je 150 metara od pla\u017ee Luke i 600 metara od centra Murtera. Apartman ima klimu, WiFi, perilicu rublja i perilicu posu\u0111a, kuhinja je potpuno opremljena.Ispred apartmana nalazi se besplatni parking.<\/p>\n","protected":false},"featured_media":37438,"template":"","meta":{"_acf_changed":false},"product_brand":[],"product_cat":[129,135],"product_tag":[],"class_list":{"0":"post-52664","1":"product","2":"type-product","3":"status-publish","4":"has-post-thumbnail","6":"product_cat-apartmani","7":"product_cat-obiteljski-apartmani","9":"first","10":"instock","11":"sold-individually","12":"shipping-taxable","13":"purchasable","14":"product-type-phive_booking"},"acf":[],"_links":{"self":[{"href":"https:\/\/murter-online.com\/hr\/wp-json\/wp\/v2\/product\/52664","targetHints":{"allow":["GET"]}}],"collection":[{"href":"https:\/\/murter-online.com\/hr\/wp-json\/wp\/v2\/product"}],"about":[{"href":"https:\/\/murter-online.com\/hr\/wp-json\/wp\/v2\/types\/product"}],"wp:featuredmedia":[{"embeddable":true,"href":"https:\/\/murter-online.com\/hr\/wp-json\/wp\/v2\/media\/37438"}],"wp:attachment":[{"href":"https:\/\/murter-online.com\/hr\/wp-json\/wp\/v2\/media?parent=52664"}],"wp:term":[{"taxonomy":"product_brand","embeddable":true,"href":"https:\/\/murter-online.com\/hr\/wp-json\/wp\/v2\/product_brand?post=52664"},{"taxonomy":"product_cat","embeddable":true,"href":"https:\/\/murter-online.com\/hr\/wp-json\/wp\/v2\/product_cat?post=52664"},{"taxonomy":"product_tag","embeddable":true,"href":"https:\/\/murter-online.com\/hr\/wp-json\/wp\/v2\/product_tag?post=52664"}],"curies":[{"name":"wp","href":"https:\/\/api.w.org\/{rel}","templated":true}]}}