{"id":52677,"date":"2025-01-09T19:13:22","date_gmt":"2025-01-09T19:13:22","guid":{"rendered":"https:\/\/murter.riot.hr\/?post_type=product&#038;p=52677"},"modified":"2025-04-12T10:59:43","modified_gmt":"2025-04-12T09:59:43","slug":"apartman-cigrada-murter-2-a32-id-241","status":"publish","type":"product","link":"https:\/\/murter-online.com\/hr\/proizvod\/apartman-cigrada-murter-2-a32-id-241\/","title":{"rendered":"Apartman sa pogledom na more blizu pla\u017ee \u010cigra\u0111a otok Murter 2 A3+2 ID 241"},"content":{"rendered":"","protected":false},"excerpt":{"rendered":"<p>Dvosobni apartman sa pogledom na more! Apartman je smje\u0161ten blizu pla\u017ee \u010cigra\u0111a. Apartman ima dvije spava\u0107e sobe. Apartman ima dnevni boravak koji se mo\u017ee korisiti za spavanje. U apartmanu mo\u017ee maksimalno boraviti 5 odraslih osoba. Kuhinja je potpuno opremljena. Apartman ima Klimu i WiFi &#8211; internet. Parking je besplatan i osiguran ispred apartmana u dvori\u0161tu. Postoji vanjski ro\u0161tilj koji se mo\u017ee koristiti.<\/p>\n","protected":false},"featured_media":40318,"template":"","meta":{"_acf_changed":false},"product_brand":[],"product_cat":[129,133,135],"product_tag":[],"class_list":{"0":"post-52677","1":"product","2":"type-product","3":"status-publish","4":"has-post-thumbnail","6":"product_cat-apartmani","7":"product_cat-apartmani-s-pogledom-na-more","8":"product_cat-obiteljski-apartmani","10":"first","11":"instock","12":"sold-individually","13":"shipping-taxable","14":"purchasable","15":"product-type-phive_booking"},"acf":[],"_links":{"self":[{"href":"https:\/\/murter-online.com\/hr\/wp-json\/wp\/v2\/product\/52677","targetHints":{"allow":["GET"]}}],"collection":[{"href":"https:\/\/murter-online.com\/hr\/wp-json\/wp\/v2\/product"}],"about":[{"href":"https:\/\/murter-online.com\/hr\/wp-json\/wp\/v2\/types\/product"}],"wp:featuredmedia":[{"embeddable":true,"href":"https:\/\/murter-online.com\/hr\/wp-json\/wp\/v2\/media\/40318"}],"wp:attachment":[{"href":"https:\/\/murter-online.com\/hr\/wp-json\/wp\/v2\/media?parent=52677"}],"wp:term":[{"taxonomy":"product_brand","embeddable":true,"href":"https:\/\/murter-online.com\/hr\/wp-json\/wp\/v2\/product_brand?post=52677"},{"taxonomy":"product_cat","embeddable":true,"href":"https:\/\/murter-online.com\/hr\/wp-json\/wp\/v2\/product_cat?post=52677"},{"taxonomy":"product_tag","embeddable":true,"href":"https:\/\/murter-online.com\/hr\/wp-json\/wp\/v2\/product_tag?post=52677"}],"curies":[{"name":"wp","href":"https:\/\/api.w.org\/{rel}","templated":true}]}}