{"id":52685,"date":"2025-01-09T19:29:40","date_gmt":"2025-01-09T19:29:40","guid":{"rendered":"https:\/\/murter.riot.hr\/?post_type=product&#038;p=52685"},"modified":"2025-01-28T10:08:02","modified_gmt":"2025-01-28T10:08:02","slug":"apartman-cigrada-murter-5-a42-id-244","status":"publish","type":"product","link":"https:\/\/murter-online.com\/hr\/proizvod\/apartman-cigrada-murter-5-a42-id-244\/","title":{"rendered":"Apartman \u010cigra\u0111a Murter 5 A4+2 ID 244"},"content":{"rendered":"","protected":false},"excerpt":{"rendered":"<p>Dvosobni apartman sa terasom! Apartman je smje\u0161ten blizu pla\u017ee \u010cigra\u0111a. Apartman ima dvije spava\u0107e sobe. Apartman ima dnevni boravak koji se mo\u017ee koristiti za spavanje. U apartmanu mo\u017ee maksimalno boraviti 6 odraslih osoba. Kuhinja je potpuno opremljena. Apartman ima Klimu i WiFi &#8211; internet. Parking je besplatan i osiguran ispred apartmana u dvori\u0161tu. Postoji vanjski ro\u0161tilj koji se mo\u017ee koristiti.<\/p>\n","protected":false},"featured_media":40513,"template":"","meta":{"_acf_changed":false},"product_brand":[],"product_cat":[129,135],"product_tag":[],"class_list":{"0":"post-52685","1":"product","2":"type-product","3":"status-publish","4":"has-post-thumbnail","6":"product_cat-apartmani","7":"product_cat-obiteljski-apartmani","9":"first","10":"instock","11":"sold-individually","12":"shipping-taxable","13":"purchasable","14":"product-type-phive_booking"},"acf":[],"_links":{"self":[{"href":"https:\/\/murter-online.com\/hr\/wp-json\/wp\/v2\/product\/52685","targetHints":{"allow":["GET"]}}],"collection":[{"href":"https:\/\/murter-online.com\/hr\/wp-json\/wp\/v2\/product"}],"about":[{"href":"https:\/\/murter-online.com\/hr\/wp-json\/wp\/v2\/types\/product"}],"wp:featuredmedia":[{"embeddable":true,"href":"https:\/\/murter-online.com\/hr\/wp-json\/wp\/v2\/media\/40513"}],"wp:attachment":[{"href":"https:\/\/murter-online.com\/hr\/wp-json\/wp\/v2\/media?parent=52685"}],"wp:term":[{"taxonomy":"product_brand","embeddable":true,"href":"https:\/\/murter-online.com\/hr\/wp-json\/wp\/v2\/product_brand?post=52685"},{"taxonomy":"product_cat","embeddable":true,"href":"https:\/\/murter-online.com\/hr\/wp-json\/wp\/v2\/product_cat?post=52685"},{"taxonomy":"product_tag","embeddable":true,"href":"https:\/\/murter-online.com\/hr\/wp-json\/wp\/v2\/product_tag?post=52685"}],"curies":[{"name":"wp","href":"https:\/\/api.w.org\/{rel}","templated":true}]}}