{"id":52689,"date":"2025-01-09T19:37:09","date_gmt":"2025-01-09T19:37:09","guid":{"rendered":"https:\/\/murter.riot.hr\/?post_type=product&#038;p=52689"},"modified":"2025-04-19T08:56:26","modified_gmt":"2025-04-19T07:56:26","slug":"apartman-cigrada-pool-paradise-a6-id-135","status":"publish","type":"product","link":"https:\/\/murter-online.com\/hr\/proizvod\/apartman-cigrada-pool-paradise-a6-id-135\/","title":{"rendered":"Apartman sa bazenom Pool Paradise Murter A6 ID 135"},"content":{"rendered":"","protected":false},"excerpt":{"rendered":"<p>Apartman je oko 750 metara udaljen od mora. Apartman ima povr\u0161inu od 45 m2. Ima dvije spava\u0107e sobe u kojima mogu spavati 6 odraslih osoba. Nema dnevni boravak. Ima kupaonicu sa tu\u0161-kadom. Povr\u0161ina Balkon\/terase je 15 m2. Apartman se nalazi u prizemlju. Apartman je opremljen sa tv-om, klimom, satelitskim prijemnikom, pe\u0107nicom, besplatnim wifi internet priklju\u010dkom. Parking je osiguran i uklju\u010den u cijenu. Ku\u0107ni ljubimci na upit. Postoji vanjski bazen koji se mo\u017ee koristiti.<\/p>\n","protected":false},"featured_media":40601,"template":"","meta":{"_acf_changed":false},"product_brand":[],"product_cat":[129,134,135],"product_tag":[],"class_list":{"0":"post-52689","1":"product","2":"type-product","3":"status-publish","4":"has-post-thumbnail","6":"product_cat-apartmani","7":"product_cat-apartmani-s-bazenom","8":"product_cat-obiteljski-apartmani","10":"first","11":"instock","12":"sold-individually","13":"shipping-taxable","14":"purchasable","15":"product-type-phive_booking"},"acf":[],"_links":{"self":[{"href":"https:\/\/murter-online.com\/hr\/wp-json\/wp\/v2\/product\/52689","targetHints":{"allow":["GET"]}}],"collection":[{"href":"https:\/\/murter-online.com\/hr\/wp-json\/wp\/v2\/product"}],"about":[{"href":"https:\/\/murter-online.com\/hr\/wp-json\/wp\/v2\/types\/product"}],"wp:featuredmedia":[{"embeddable":true,"href":"https:\/\/murter-online.com\/hr\/wp-json\/wp\/v2\/media\/40601"}],"wp:attachment":[{"href":"https:\/\/murter-online.com\/hr\/wp-json\/wp\/v2\/media?parent=52689"}],"wp:term":[{"taxonomy":"product_brand","embeddable":true,"href":"https:\/\/murter-online.com\/hr\/wp-json\/wp\/v2\/product_brand?post=52689"},{"taxonomy":"product_cat","embeddable":true,"href":"https:\/\/murter-online.com\/hr\/wp-json\/wp\/v2\/product_cat?post=52689"},{"taxonomy":"product_tag","embeddable":true,"href":"https:\/\/murter-online.com\/hr\/wp-json\/wp\/v2\/product_tag?post=52689"}],"curies":[{"name":"wp","href":"https:\/\/api.w.org\/{rel}","templated":true}]}}