{"id":52695,"date":"2025-01-13T19:48:11","date_gmt":"2025-01-13T19:48:11","guid":{"rendered":"https:\/\/murter.riot.hr\/?post_type=product&#038;p=52695"},"modified":"2025-04-19T18:23:24","modified_gmt":"2025-04-19T17:23:24","slug":"apartman-cigrada-pool-paradise-a6-id-137","status":"publish","type":"product","link":"https:\/\/murter-online.com\/hr\/proizvod\/apartman-cigrada-pool-paradise-a6-id-137\/","title":{"rendered":"Apartman s bazenom Pool Paradise Murter A6 ID 137"},"content":{"rendered":"","protected":false},"excerpt":{"rendered":"<p>Apartman je oko 750 metara udaljen od mora. Apartman ima povr\u0161inu od 65 m2. Ima dvije spava\u0107e sobe u kojima mogu spavati 6 odraslih osoba. Ima dnevni boravak. Ima kupaonicu sa tu\u0161-kadom. Povr\u0161ina Balkon\/terase je 15 m2. Apartman se nalazi na prvom katu. Apartman je opremljen sa tv-om, klimom, satelitskim prijemnikom, pe\u0107nicom, besplatnim wifi internet priklju\u010dkom. Parking je osiguran i uklju\u010den u cijenu. Apartman je oko 800 m. udaljen od centra mjesta a 550 m. od mora ili prve pla\u017ee u mjestu Murter. Ku\u0107ni ljubimci na upit.Postoji vanjski bazen koji se mo\u017ee besplatno koristiti.<\/p>\n","protected":false},"featured_media":48574,"template":"","meta":{"_acf_changed":false},"product_brand":[],"product_cat":[134],"product_tag":[],"class_list":{"0":"post-52695","1":"product","2":"type-product","3":"status-publish","4":"has-post-thumbnail","6":"product_cat-apartmani-s-bazenom","8":"first","9":"instock","10":"sold-individually","11":"shipping-taxable","12":"purchasable","13":"product-type-phive_booking"},"acf":[],"_links":{"self":[{"href":"https:\/\/murter-online.com\/hr\/wp-json\/wp\/v2\/product\/52695","targetHints":{"allow":["GET"]}}],"collection":[{"href":"https:\/\/murter-online.com\/hr\/wp-json\/wp\/v2\/product"}],"about":[{"href":"https:\/\/murter-online.com\/hr\/wp-json\/wp\/v2\/types\/product"}],"wp:featuredmedia":[{"embeddable":true,"href":"https:\/\/murter-online.com\/hr\/wp-json\/wp\/v2\/media\/48574"}],"wp:attachment":[{"href":"https:\/\/murter-online.com\/hr\/wp-json\/wp\/v2\/media?parent=52695"}],"wp:term":[{"taxonomy":"product_brand","embeddable":true,"href":"https:\/\/murter-online.com\/hr\/wp-json\/wp\/v2\/product_brand?post=52695"},{"taxonomy":"product_cat","embeddable":true,"href":"https:\/\/murter-online.com\/hr\/wp-json\/wp\/v2\/product_cat?post=52695"},{"taxonomy":"product_tag","embeddable":true,"href":"https:\/\/murter-online.com\/hr\/wp-json\/wp\/v2\/product_tag?post=52695"}],"curies":[{"name":"wp","href":"https:\/\/api.w.org\/{rel}","templated":true}]}}