{"id":52699,"date":"2025-01-09T19:41:52","date_gmt":"2025-01-09T19:41:52","guid":{"rendered":"https:\/\/murter.riot.hr\/?post_type=product&#038;p=52699"},"modified":"2025-04-25T20:17:28","modified_gmt":"2025-04-25T19:17:28","slug":"apartman-garden-house-murter-a41-id-150","status":"publish","type":"product","link":"https:\/\/murter-online.com\/hr\/proizvod\/apartman-garden-house-murter-a41-id-150\/","title":{"rendered":"Obiteljski apartman Garden house Murter A4+1 ID 150"},"content":{"rendered":"","protected":false},"excerpt":{"rendered":"<p>Apartman se nalazi na izvrsnoj lokaciji samo 300 metara udaljen od mora. Apartman ima povr\u0161inu od 50 m2. Ima dvije spava\u0107e sobe u kojima mogu spavati 4 odrasle osobe. Ima dnevni boravak. Ima pomo\u0107ni le\u017eaj za jednu osobu. Ima kupaonicu sa tu\u0161-kadom. Povr\u0161ina Balkon\/terase je 8 m2. Apartman se nalazi u prizemlju. Apartman je opremljen sa tv-om, klimom, pe\u0107nicom. Parking je osiguran i uklju\u010den u cijenu. Apartman je oko 300 m. udaljen od centra mjesta a 300 m. od mora ili prve pla\u017ee u mjestu Murter. Ku\u0107ni ljubimci na upit.<\/p>\n","protected":false},"featured_media":40713,"template":"","meta":{"_acf_changed":false},"product_brand":[],"product_cat":[129,135],"product_tag":[],"class_list":{"0":"post-52699","1":"product","2":"type-product","3":"status-publish","4":"has-post-thumbnail","6":"product_cat-apartmani","7":"product_cat-obiteljski-apartmani","9":"first","10":"instock","11":"sold-individually","12":"shipping-taxable","13":"purchasable","14":"product-type-phive_booking"},"acf":[],"_links":{"self":[{"href":"https:\/\/murter-online.com\/hr\/wp-json\/wp\/v2\/product\/52699","targetHints":{"allow":["GET"]}}],"collection":[{"href":"https:\/\/murter-online.com\/hr\/wp-json\/wp\/v2\/product"}],"about":[{"href":"https:\/\/murter-online.com\/hr\/wp-json\/wp\/v2\/types\/product"}],"wp:featuredmedia":[{"embeddable":true,"href":"https:\/\/murter-online.com\/hr\/wp-json\/wp\/v2\/media\/40713"}],"wp:attachment":[{"href":"https:\/\/murter-online.com\/hr\/wp-json\/wp\/v2\/media?parent=52699"}],"wp:term":[{"taxonomy":"product_brand","embeddable":true,"href":"https:\/\/murter-online.com\/hr\/wp-json\/wp\/v2\/product_brand?post=52699"},{"taxonomy":"product_cat","embeddable":true,"href":"https:\/\/murter-online.com\/hr\/wp-json\/wp\/v2\/product_cat?post=52699"},{"taxonomy":"product_tag","embeddable":true,"href":"https:\/\/murter-online.com\/hr\/wp-json\/wp\/v2\/product_tag?post=52699"}],"curies":[{"name":"wp","href":"https:\/\/api.w.org\/{rel}","templated":true}]}}