{"id":52709,"date":"2025-01-09T20:25:44","date_gmt":"2025-01-09T20:25:44","guid":{"rendered":"https:\/\/murter.riot.hr\/?post_type=product&#038;p=52709"},"modified":"2025-04-25T20:39:13","modified_gmt":"2025-04-25T19:39:13","slug":"apartman-green-garden-murter-a4-id-100","status":"publish","type":"product","link":"https:\/\/murter-online.com\/hr\/proizvod\/apartman-green-garden-murter-a4-id-100\/","title":{"rendered":"Obiteljski apartman Green Garden Murter A4 ID 100"},"content":{"rendered":"","protected":false},"excerpt":{"rendered":"<p>Apartman se nalazi u blizini centra. Od najbli\u017ee pla\u017ee je udaljen oko 350m. Apartman se sastoji od dvije dvokrevetne sobe i pomo\u0107nog le\u017eaja za jo\u0161 jednu osobu. U dvori\u0161tu se nalazi vanjski ro\u0161tilj kojeg mo\u017eete upotrebljavati. U cijenu su uklju\u010deni \u010di\u0161\u0107enje, ru\u010dnici i posteljina.<\/p>\n","protected":false},"featured_media":55064,"template":"","meta":{"_acf_changed":false},"product_brand":[],"product_cat":[129,135],"product_tag":[],"class_list":{"0":"post-52709","1":"product","2":"type-product","3":"status-publish","4":"has-post-thumbnail","6":"product_cat-apartmani","7":"product_cat-obiteljski-apartmani","9":"first","10":"instock","11":"sold-individually","12":"shipping-taxable","13":"purchasable","14":"product-type-phive_booking"},"acf":[],"_links":{"self":[{"href":"https:\/\/murter-online.com\/hr\/wp-json\/wp\/v2\/product\/52709","targetHints":{"allow":["GET"]}}],"collection":[{"href":"https:\/\/murter-online.com\/hr\/wp-json\/wp\/v2\/product"}],"about":[{"href":"https:\/\/murter-online.com\/hr\/wp-json\/wp\/v2\/types\/product"}],"wp:featuredmedia":[{"embeddable":true,"href":"https:\/\/murter-online.com\/hr\/wp-json\/wp\/v2\/media\/55064"}],"wp:attachment":[{"href":"https:\/\/murter-online.com\/hr\/wp-json\/wp\/v2\/media?parent=52709"}],"wp:term":[{"taxonomy":"product_brand","embeddable":true,"href":"https:\/\/murter-online.com\/hr\/wp-json\/wp\/v2\/product_brand?post=52709"},{"taxonomy":"product_cat","embeddable":true,"href":"https:\/\/murter-online.com\/hr\/wp-json\/wp\/v2\/product_cat?post=52709"},{"taxonomy":"product_tag","embeddable":true,"href":"https:\/\/murter-online.com\/hr\/wp-json\/wp\/v2\/product_tag?post=52709"}],"curies":[{"name":"wp","href":"https:\/\/api.w.org\/{rel}","templated":true}]}}