{"id":52739,"date":"2025-01-09T21:35:59","date_gmt":"2025-01-09T21:35:59","guid":{"rendered":"https:\/\/murter.riot.hr\/?post_type=product&#038;p=52739"},"modified":"2025-04-13T07:39:38","modified_gmt":"2025-04-13T06:39:38","slug":"apartman-jezera-centar-sea-view-a41-id-141","status":"publish","type":"product","link":"https:\/\/murter-online.com\/hr\/proizvod\/apartman-jezera-centar-sea-view-a41-id-141\/","title":{"rendered":"Apartman na moru Jezera otok Murter A4+1 ID 141"},"content":{"rendered":"","protected":false},"excerpt":{"rendered":"<p>Prekrasan apartman u mjestu Jezera na otoku Murteru sa pogledom na more!Apartman se nalazi u blizini mjesne pla\u017ee Zarati\u0107!Apartman ima vez za brod, cijena veza uklju\u010dena je u cijenu apartmana! Apartman ima dvije spava\u0107e sobe u kojima mogu spavati 4 osobe. U apartmanu se nalaz dnevni boravak koji se mo\u017ee koristiti za spavanje.Ima pomo\u0107ni le\u017eaj za 1 osobu.Kuhinja je potpuno opremljena.<\/p>\n","protected":false},"featured_media":41933,"template":"","meta":{"_acf_changed":false},"product_brand":[],"product_cat":[129,133,136],"product_tag":[],"class_list":{"0":"post-52739","1":"product","2":"type-product","3":"status-publish","4":"has-post-thumbnail","6":"product_cat-apartmani","7":"product_cat-apartmani-s-pogledom-na-more","8":"product_cat-apartmani-s-vezom-za-brod","10":"first","11":"instock","12":"sold-individually","13":"shipping-taxable","14":"purchasable","15":"product-type-phive_booking"},"acf":[],"_links":{"self":[{"href":"https:\/\/murter-online.com\/hr\/wp-json\/wp\/v2\/product\/52739","targetHints":{"allow":["GET"]}}],"collection":[{"href":"https:\/\/murter-online.com\/hr\/wp-json\/wp\/v2\/product"}],"about":[{"href":"https:\/\/murter-online.com\/hr\/wp-json\/wp\/v2\/types\/product"}],"wp:featuredmedia":[{"embeddable":true,"href":"https:\/\/murter-online.com\/hr\/wp-json\/wp\/v2\/media\/41933"}],"wp:attachment":[{"href":"https:\/\/murter-online.com\/hr\/wp-json\/wp\/v2\/media?parent=52739"}],"wp:term":[{"taxonomy":"product_brand","embeddable":true,"href":"https:\/\/murter-online.com\/hr\/wp-json\/wp\/v2\/product_brand?post=52739"},{"taxonomy":"product_cat","embeddable":true,"href":"https:\/\/murter-online.com\/hr\/wp-json\/wp\/v2\/product_cat?post=52739"},{"taxonomy":"product_tag","embeddable":true,"href":"https:\/\/murter-online.com\/hr\/wp-json\/wp\/v2\/product_tag?post=52739"}],"curies":[{"name":"wp","href":"https:\/\/api.w.org\/{rel}","templated":true}]}}