{"id":52751,"date":"2025-01-09T21:51:30","date_gmt":"2025-01-09T21:51:30","guid":{"rendered":"https:\/\/murter.riot.hr\/?post_type=product&#038;p=52751"},"modified":"2025-05-01T13:22:04","modified_gmt":"2025-05-01T12:22:04","slug":"apartman-kornatska-balcony-view-a4-id-119","status":"publish","type":"product","link":"https:\/\/murter-online.com\/hr\/proizvod\/apartman-kornatska-balcony-view-a4-id-119\/","title":{"rendered":"Apartman za 4 osobe blizu pla\u017ee Luke Kornatska Murter A4 ID 119"},"content":{"rendered":"","protected":false},"excerpt":{"rendered":"<p>Apartman ima povr\u0161inu od 55 m2. Ima dvije spava\u0107e sobe u kojima mogu spavati 4 odrasle osobe. Ima dnevni boravak. Ima kupaonicu sa tu\u0161-kadom. Povr\u0161ina Balkon\/terase je 10 m2. Apartman se nalazi na prvom katu. Apartman je opremljen sa tv-om, pe\u0107nicom, besplatnim wifi internet priklju\u010dkom. Parking je osiguran i uklju\u010den u cijenu. Postoji vanjski ro\u0161tilj koji se mo\u017ee koristiti. Apartman je oko 450 m. udaljen od centra mjesta a 350 m. od mora ili prve pla\u017ee u mjestu Murter. Ku\u0107ni ljubimci su dozvoljeni uz dodatnu naknadu.<\/p>\n","protected":false},"featured_media":42409,"template":"","meta":{"_acf_changed":false},"product_brand":[],"product_cat":[129,133,135],"product_tag":[],"class_list":{"0":"post-52751","1":"product","2":"type-product","3":"status-publish","4":"has-post-thumbnail","6":"product_cat-apartmani","7":"product_cat-apartmani-s-pogledom-na-more","8":"product_cat-obiteljski-apartmani","10":"first","11":"instock","12":"sold-individually","13":"shipping-taxable","14":"purchasable","15":"product-type-phive_booking"},"acf":[],"_links":{"self":[{"href":"https:\/\/murter-online.com\/hr\/wp-json\/wp\/v2\/product\/52751","targetHints":{"allow":["GET"]}}],"collection":[{"href":"https:\/\/murter-online.com\/hr\/wp-json\/wp\/v2\/product"}],"about":[{"href":"https:\/\/murter-online.com\/hr\/wp-json\/wp\/v2\/types\/product"}],"wp:featuredmedia":[{"embeddable":true,"href":"https:\/\/murter-online.com\/hr\/wp-json\/wp\/v2\/media\/42409"}],"wp:attachment":[{"href":"https:\/\/murter-online.com\/hr\/wp-json\/wp\/v2\/media?parent=52751"}],"wp:term":[{"taxonomy":"product_brand","embeddable":true,"href":"https:\/\/murter-online.com\/hr\/wp-json\/wp\/v2\/product_brand?post=52751"},{"taxonomy":"product_cat","embeddable":true,"href":"https:\/\/murter-online.com\/hr\/wp-json\/wp\/v2\/product_cat?post=52751"},{"taxonomy":"product_tag","embeddable":true,"href":"https:\/\/murter-online.com\/hr\/wp-json\/wp\/v2\/product_tag?post=52751"}],"curies":[{"name":"wp","href":"https:\/\/api.w.org\/{rel}","templated":true}]}}