{"id":52756,"date":"2025-01-09T21:55:19","date_gmt":"2025-01-09T21:55:19","guid":{"rendered":"https:\/\/murter.riot.hr\/?post_type=product&#038;p=52756"},"modified":"2025-04-26T07:10:09","modified_gmt":"2025-04-26T06:10:09","slug":"apartman-kornatska-panoramic-view-a41-id-106","status":"publish","type":"product","link":"https:\/\/murter-online.com\/hr\/proizvod\/apartman-kornatska-panoramic-view-a41-id-106\/","title":{"rendered":"Obiteljski apartman Kornatska Murter A4+1 ID 106"},"content":{"rendered":"","protected":false},"excerpt":{"rendered":"<p>Apartman Kornatska Panoramic view A4+1 ID 106 nalazi se na izvrsnoj lokaciji. Apartman je potpuno opremljen i udaljen svega 350 metara od mjesne pla\u017ee Luke i prve trgovine. Apartman je od centra mjesta udaljen 10 minuta laganog hoda a od pje\u0161\u010dane pla\u017ee Slanica 550 metara.<\/p>\n","protected":false},"featured_media":42497,"template":"","meta":{"_acf_changed":false},"product_brand":[],"product_cat":[129,135],"product_tag":[],"class_list":{"0":"post-52756","1":"product","2":"type-product","3":"status-publish","4":"has-post-thumbnail","6":"product_cat-apartmani","7":"product_cat-obiteljski-apartmani","9":"first","10":"instock","11":"sold-individually","12":"shipping-taxable","13":"purchasable","14":"product-type-phive_booking"},"acf":[],"_links":{"self":[{"href":"https:\/\/murter-online.com\/hr\/wp-json\/wp\/v2\/product\/52756","targetHints":{"allow":["GET"]}}],"collection":[{"href":"https:\/\/murter-online.com\/hr\/wp-json\/wp\/v2\/product"}],"about":[{"href":"https:\/\/murter-online.com\/hr\/wp-json\/wp\/v2\/types\/product"}],"wp:featuredmedia":[{"embeddable":true,"href":"https:\/\/murter-online.com\/hr\/wp-json\/wp\/v2\/media\/42497"}],"wp:attachment":[{"href":"https:\/\/murter-online.com\/hr\/wp-json\/wp\/v2\/media?parent=52756"}],"wp:term":[{"taxonomy":"product_brand","embeddable":true,"href":"https:\/\/murter-online.com\/hr\/wp-json\/wp\/v2\/product_brand?post=52756"},{"taxonomy":"product_cat","embeddable":true,"href":"https:\/\/murter-online.com\/hr\/wp-json\/wp\/v2\/product_cat?post=52756"},{"taxonomy":"product_tag","embeddable":true,"href":"https:\/\/murter-online.com\/hr\/wp-json\/wp\/v2\/product_tag?post=52756"}],"curies":[{"name":"wp","href":"https:\/\/api.w.org\/{rel}","templated":true}]}}