{"id":52768,"date":"2025-01-12T08:46:15","date_gmt":"2025-01-12T08:46:15","guid":{"rendered":"https:\/\/murter.riot.hr\/?post_type=product&#038;p=52768"},"modified":"2025-04-26T08:02:07","modified_gmt":"2025-04-26T07:02:07","slug":"apartman-luke-beach-flower-a41","status":"publish","type":"product","link":"https:\/\/murter-online.com\/hr\/proizvod\/apartman-luke-beach-flower-a41\/","title":{"rendered":"Obiteljski apartman Luke Beach Flower Murter A4+1"},"content":{"rendered":"","protected":false},"excerpt":{"rendered":"<p>Apartman se nalazi na odli\u010dnoj poziciji!Apartman je povoljan za boravak obitelji sa djecom, potpuno opremljen, smje\u0161ten u visokom prizemlju sa ogra\u0111enim dvori\u0161tem.Apartman je udaljen 250 metara od gradske pla\u017ee Luke, 350 metara od pje\u0161\u010dane pla\u017ee Slanica, udaljen je 10 minuta laganog hoda od centra Murtera. Apartman ima dvije spava\u0107e sobe i pomo\u0107ni le\u017eaj u dnevnom boravku.<\/p>\n","protected":false},"featured_media":45109,"template":"","meta":{"_acf_changed":false},"product_brand":[],"product_cat":[129,135],"product_tag":[],"class_list":{"0":"post-52768","1":"product","2":"type-product","3":"status-publish","4":"has-post-thumbnail","6":"product_cat-apartmani","7":"product_cat-obiteljski-apartmani","9":"first","10":"instock","11":"sold-individually","12":"shipping-taxable","13":"purchasable","14":"product-type-phive_booking"},"acf":[],"_links":{"self":[{"href":"https:\/\/murter-online.com\/hr\/wp-json\/wp\/v2\/product\/52768","targetHints":{"allow":["GET"]}}],"collection":[{"href":"https:\/\/murter-online.com\/hr\/wp-json\/wp\/v2\/product"}],"about":[{"href":"https:\/\/murter-online.com\/hr\/wp-json\/wp\/v2\/types\/product"}],"wp:featuredmedia":[{"embeddable":true,"href":"https:\/\/murter-online.com\/hr\/wp-json\/wp\/v2\/media\/45109"}],"wp:attachment":[{"href":"https:\/\/murter-online.com\/hr\/wp-json\/wp\/v2\/media?parent=52768"}],"wp:term":[{"taxonomy":"product_brand","embeddable":true,"href":"https:\/\/murter-online.com\/hr\/wp-json\/wp\/v2\/product_brand?post=52768"},{"taxonomy":"product_cat","embeddable":true,"href":"https:\/\/murter-online.com\/hr\/wp-json\/wp\/v2\/product_cat?post=52768"},{"taxonomy":"product_tag","embeddable":true,"href":"https:\/\/murter-online.com\/hr\/wp-json\/wp\/v2\/product_tag?post=52768"}],"curies":[{"name":"wp","href":"https:\/\/api.w.org\/{rel}","templated":true}]}}