{"id":52780,"date":"2025-01-12T08:54:05","date_gmt":"2025-01-12T08:54:05","guid":{"rendered":"https:\/\/murter.riot.hr\/?post_type=product&#038;p=52780"},"modified":"2025-04-14T09:09:01","modified_gmt":"2025-04-14T08:09:01","slug":"apartman-luke-beachfront-murter-a41-id-152","status":"publish","type":"product","link":"https:\/\/murter-online.com\/hr\/proizvod\/apartman-luke-beachfront-murter-a41-id-152\/","title":{"rendered":"Apartman na pla\u017ei Luke Murter A4+1 ID 152"},"content":{"rendered":"","protected":false},"excerpt":{"rendered":"<p>Apartman se nalazi na izvrsnoj lokaciji , direktno na gradskoj pla\u017ei Luke.Zbog izvrsne lokacije i blizine pla\u017ee, trgovine , dje\u010djeg igrali\u0161ta i centra pogodan je za obitelji sa djecom. Apartman ima povr\u0161inu od 65 m2. Ima dvije spava\u0107e sobe u kojima mogu spavati 4 odrasle osobe. Ima dnevni boravak, koji se mo\u017ee koristiti za spavanje &#8211; Ima pomo\u0107ni le\u017eaj za jednu osobu. Ima kupaonicu sa tu\u0161-kadom. Povr\u0161ina terase je 40 m2. Apartman se nalazi na prvom katu ku\u0107e. Apartman je opremljen sa tv-om, klimom. Parking je osiguran i uklju\u010den u cijenu. Ku\u0107ni ljubimci na upit.<\/p>\n","protected":false},"featured_media":45273,"template":"","meta":{"_acf_changed":false},"product_brand":[],"product_cat":[129,133,135],"product_tag":[],"class_list":{"0":"post-52780","1":"product","2":"type-product","3":"status-publish","4":"has-post-thumbnail","6":"product_cat-apartmani","7":"product_cat-apartmani-s-pogledom-na-more","8":"product_cat-obiteljski-apartmani","10":"first","11":"instock","12":"sold-individually","13":"shipping-taxable","14":"purchasable","15":"product-type-phive_booking"},"acf":[],"_links":{"self":[{"href":"https:\/\/murter-online.com\/hr\/wp-json\/wp\/v2\/product\/52780","targetHints":{"allow":["GET"]}}],"collection":[{"href":"https:\/\/murter-online.com\/hr\/wp-json\/wp\/v2\/product"}],"about":[{"href":"https:\/\/murter-online.com\/hr\/wp-json\/wp\/v2\/types\/product"}],"wp:featuredmedia":[{"embeddable":true,"href":"https:\/\/murter-online.com\/hr\/wp-json\/wp\/v2\/media\/45273"}],"wp:attachment":[{"href":"https:\/\/murter-online.com\/hr\/wp-json\/wp\/v2\/media?parent=52780"}],"wp:term":[{"taxonomy":"product_brand","embeddable":true,"href":"https:\/\/murter-online.com\/hr\/wp-json\/wp\/v2\/product_brand?post=52780"},{"taxonomy":"product_cat","embeddable":true,"href":"https:\/\/murter-online.com\/hr\/wp-json\/wp\/v2\/product_cat?post=52780"},{"taxonomy":"product_tag","embeddable":true,"href":"https:\/\/murter-online.com\/hr\/wp-json\/wp\/v2\/product_tag?post=52780"}],"curies":[{"name":"wp","href":"https:\/\/api.w.org\/{rel}","templated":true}]}}