{"id":52798,"date":"2025-01-12T09:03:57","date_gmt":"2025-01-12T09:03:57","guid":{"rendered":"https:\/\/murter.riot.hr\/?post_type=product&#038;p=52798"},"modified":"2025-04-26T08:47:17","modified_gmt":"2025-04-26T07:47:17","slug":"apartman-marija-sea-luke-a41-id-77","status":"publish","type":"product","link":"https:\/\/murter-online.com\/hr\/proizvod\/apartman-marija-sea-luke-a41-id-77\/","title":{"rendered":"Obiteljski apartman pla\u017ea Luke Marija Murter A4+1 ID 77"},"content":{"rendered":"","protected":false},"excerpt":{"rendered":"<p>Apartman Marija Sea Luke nalazi se samo nekoliko metara od pla\u017ee Luke na mirnoj lokaciji. U blizini se nalaze kafi\u0107i, restaurant i trgovina. Od centra je udaljen 10 minuta hoda. Apartman se sastoji od dvoje spava\u0107e sobe, kupaonice te kuhinje i dnevnog boravka. Ima besplatan WiFi i klimu. Ru\u010dnici, posteljina i turisti\u010dka pristojba su uklju\u010deni u cijenu.Zavr\u0161eno \u010di\u0161\u0107enje napla\u010duje se dodatno 50 eura.<\/p>\n","protected":false},"featured_media":45537,"template":"","meta":{"_acf_changed":false},"product_brand":[],"product_cat":[129,135],"product_tag":[],"class_list":{"0":"post-52798","1":"product","2":"type-product","3":"status-publish","4":"has-post-thumbnail","6":"product_cat-apartmani","7":"product_cat-obiteljski-apartmani","9":"first","10":"instock","11":"sold-individually","12":"shipping-taxable","13":"purchasable","14":"product-type-phive_booking"},"acf":[],"_links":{"self":[{"href":"https:\/\/murter-online.com\/hr\/wp-json\/wp\/v2\/product\/52798","targetHints":{"allow":["GET"]}}],"collection":[{"href":"https:\/\/murter-online.com\/hr\/wp-json\/wp\/v2\/product"}],"about":[{"href":"https:\/\/murter-online.com\/hr\/wp-json\/wp\/v2\/types\/product"}],"wp:featuredmedia":[{"embeddable":true,"href":"https:\/\/murter-online.com\/hr\/wp-json\/wp\/v2\/media\/45537"}],"wp:attachment":[{"href":"https:\/\/murter-online.com\/hr\/wp-json\/wp\/v2\/media?parent=52798"}],"wp:term":[{"taxonomy":"product_brand","embeddable":true,"href":"https:\/\/murter-online.com\/hr\/wp-json\/wp\/v2\/product_brand?post=52798"},{"taxonomy":"product_cat","embeddable":true,"href":"https:\/\/murter-online.com\/hr\/wp-json\/wp\/v2\/product_cat?post=52798"},{"taxonomy":"product_tag","embeddable":true,"href":"https:\/\/murter-online.com\/hr\/wp-json\/wp\/v2\/product_tag?post=52798"}],"curies":[{"name":"wp","href":"https:\/\/api.w.org\/{rel}","templated":true}]}}