{"id":52803,"date":"2025-01-12T09:07:33","date_gmt":"2025-01-12T09:07:33","guid":{"rendered":"https:\/\/murter.riot.hr\/?post_type=product&#038;p=52803"},"modified":"2025-03-16T20:06:39","modified_gmt":"2025-03-16T19:06:39","slug":"apartman-marija-sea-view-luke-a41-id-124","status":"publish","type":"product","link":"https:\/\/murter-online.com\/hr\/proizvod\/apartman-marija-sea-view-luke-a41-id-124\/","title":{"rendered":"Apartman Marija Sea View Luke A4+1 ID 124"},"content":{"rendered":"","protected":false},"excerpt":{"rendered":"<p>Apartman se nalazi na izvrsnoj lokaciji samo 70 metara udaljen od mora. Apartman ima povr\u0161inu od 60 m2. Ima dvije spava\u0107e sobe u kojima mogu spavati 4 odrasle osobe. Ima dnevni boravak, koji se mo\u017ee koristiti za spavanje &#8211; Ima pomo\u0107ni le\u017eaj za 1 osobU. Ima kupaonicu sa tu\u0161-kadom. Povr\u0161ina Balkon\/terase je 2 m2. Apartman se nalazi na prvom katu ku\u0107e. Apartman je opremljen sa tv-om, klimom. Parking je osiguran i uklju\u010den u cijenu. Postoji vanjski ro\u0161tilj koji se mo\u017ee koristiti. Apartman je oko 300 m. udaljen od centra mjesta a 70 m. od mora ili prve pla\u017ee u mjestu Murter. <span class=\"Y2IQFc\" lang=\"hr\">Ru\u010dnici, posteljina i boravi\u0161na pristojba uklju\u010deni su u cijenu. Zavr\u0161no \u010di\u0161\u0107enje iznosi 50 eura.<\/span><\/p>\n","protected":false},"featured_media":45597,"template":"","meta":{"_acf_changed":false},"product_brand":[],"product_cat":[129,135],"product_tag":[],"class_list":{"0":"post-52803","1":"product","2":"type-product","3":"status-publish","4":"has-post-thumbnail","6":"product_cat-apartmani","7":"product_cat-obiteljski-apartmani","9":"first","10":"instock","11":"sold-individually","12":"shipping-taxable","13":"purchasable","14":"product-type-phive_booking"},"acf":[],"_links":{"self":[{"href":"https:\/\/murter-online.com\/hr\/wp-json\/wp\/v2\/product\/52803","targetHints":{"allow":["GET"]}}],"collection":[{"href":"https:\/\/murter-online.com\/hr\/wp-json\/wp\/v2\/product"}],"about":[{"href":"https:\/\/murter-online.com\/hr\/wp-json\/wp\/v2\/types\/product"}],"wp:featuredmedia":[{"embeddable":true,"href":"https:\/\/murter-online.com\/hr\/wp-json\/wp\/v2\/media\/45597"}],"wp:attachment":[{"href":"https:\/\/murter-online.com\/hr\/wp-json\/wp\/v2\/media?parent=52803"}],"wp:term":[{"taxonomy":"product_brand","embeddable":true,"href":"https:\/\/murter-online.com\/hr\/wp-json\/wp\/v2\/product_brand?post=52803"},{"taxonomy":"product_cat","embeddable":true,"href":"https:\/\/murter-online.com\/hr\/wp-json\/wp\/v2\/product_cat?post=52803"},{"taxonomy":"product_tag","embeddable":true,"href":"https:\/\/murter-online.com\/hr\/wp-json\/wp\/v2\/product_tag?post=52803"}],"curies":[{"name":"wp","href":"https:\/\/api.w.org\/{rel}","templated":true}]}}