{"id":52812,"date":"2025-01-12T09:14:23","date_gmt":"2025-01-12T09:14:23","guid":{"rendered":"https:\/\/murter.riot.hr\/?post_type=product&#038;p=52812"},"modified":"2025-04-13T09:44:04","modified_gmt":"2025-04-13T08:44:04","slug":"apartman-marina-murter-blue-view-a41-id-102","status":"publish","type":"product","link":"https:\/\/murter-online.com\/hr\/proizvod\/apartman-marina-murter-blue-view-a41-id-102\/","title":{"rendered":"Apartman sa pogledom na more Marina Murter A4+1 ID 102"},"content":{"rendered":"","protected":false},"excerpt":{"rendered":"<p>Apartman Leonarda Blue View A4+1 ID 102 nalazi se u samoj blizini centra, a od najbli\u017ee \u0161ljun\u010dane pla\u017ee udaljen je oko 80m. Apartman ima potpuno opremljenu kuhinu, WiFi i SAT-tv. Apartman je smje\u0161ten svega 50m od najbli\u0111\u017ee trgovine i restorana. U cijenu su uklju\u010deni \u010di\u0161\u0107enje, ru\u010dnici i posteljina.<\/p>\n","protected":false},"featured_media":45777,"template":"","meta":{"_acf_changed":false},"product_brand":[],"product_cat":[129,133,135],"product_tag":[],"class_list":{"0":"post-52812","1":"product","2":"type-product","3":"status-publish","4":"has-post-thumbnail","6":"product_cat-apartmani","7":"product_cat-apartmani-s-pogledom-na-more","8":"product_cat-obiteljski-apartmani","10":"first","11":"instock","12":"sold-individually","13":"shipping-taxable","14":"purchasable","15":"product-type-phive_booking"},"acf":[],"_links":{"self":[{"href":"https:\/\/murter-online.com\/hr\/wp-json\/wp\/v2\/product\/52812","targetHints":{"allow":["GET"]}}],"collection":[{"href":"https:\/\/murter-online.com\/hr\/wp-json\/wp\/v2\/product"}],"about":[{"href":"https:\/\/murter-online.com\/hr\/wp-json\/wp\/v2\/types\/product"}],"wp:featuredmedia":[{"embeddable":true,"href":"https:\/\/murter-online.com\/hr\/wp-json\/wp\/v2\/media\/45777"}],"wp:attachment":[{"href":"https:\/\/murter-online.com\/hr\/wp-json\/wp\/v2\/media?parent=52812"}],"wp:term":[{"taxonomy":"product_brand","embeddable":true,"href":"https:\/\/murter-online.com\/hr\/wp-json\/wp\/v2\/product_brand?post=52812"},{"taxonomy":"product_cat","embeddable":true,"href":"https:\/\/murter-online.com\/hr\/wp-json\/wp\/v2\/product_cat?post=52812"},{"taxonomy":"product_tag","embeddable":true,"href":"https:\/\/murter-online.com\/hr\/wp-json\/wp\/v2\/product_tag?post=52812"}],"curies":[{"name":"wp","href":"https:\/\/api.w.org\/{rel}","templated":true}]}}