{"id":52818,"date":"2025-01-12T09:18:01","date_gmt":"2025-01-12T09:18:01","guid":{"rendered":"https:\/\/murter.riot.hr\/?post_type=product&#038;p=52818"},"modified":"2025-05-01T08:16:31","modified_gmt":"2025-05-01T07:16:31","slug":"apartman-marina-murter-colentum-a41","status":"publish","type":"product","link":"https:\/\/murter-online.com\/hr\/proizvod\/apartman-marina-murter-colentum-a41\/","title":{"rendered":"Obiteljski apartman Marina pla\u017ea Colentum Murter A4+1"},"content":{"rendered":"","protected":false},"excerpt":{"rendered":"<p>Povoljan obiteljski apartman u Murteru za max. 5 osoba! Apartman je smje\u0161ten na odli\u010dnoj poziciji, samo 250 metara od mjesne pla\u017ee Zdra\u010de u Betini, 250 metara od pla\u017ee u marini Hramina te 400 metara od arheolo\u0161ke pla\u017ee Colentum. Apartman je potpuno opremljen, u apartmanu se nalazi klima , besplatni WiFi, posteljina i ru\u010dnici uklju\u010deni su u cijenu apartman.Parking je osiguran u dvori\u0161tu apartmana.Postoji vanjski ro\u0161tilj koji se mo\u017ee koristiti. Apartman je udaljen 400 metara od centra Murtera.<\/p>\n","protected":false},"featured_media":45853,"template":"","meta":{"_acf_changed":false},"product_brand":[],"product_cat":[129,135],"product_tag":[],"class_list":{"0":"post-52818","1":"product","2":"type-product","3":"status-publish","4":"has-post-thumbnail","6":"product_cat-apartmani","7":"product_cat-obiteljski-apartmani","9":"first","10":"instock","11":"sold-individually","12":"shipping-taxable","13":"purchasable","14":"product-type-phive_booking"},"acf":[],"_links":{"self":[{"href":"https:\/\/murter-online.com\/hr\/wp-json\/wp\/v2\/product\/52818","targetHints":{"allow":["GET"]}}],"collection":[{"href":"https:\/\/murter-online.com\/hr\/wp-json\/wp\/v2\/product"}],"about":[{"href":"https:\/\/murter-online.com\/hr\/wp-json\/wp\/v2\/types\/product"}],"wp:featuredmedia":[{"embeddable":true,"href":"https:\/\/murter-online.com\/hr\/wp-json\/wp\/v2\/media\/45853"}],"wp:attachment":[{"href":"https:\/\/murter-online.com\/hr\/wp-json\/wp\/v2\/media?parent=52818"}],"wp:term":[{"taxonomy":"product_brand","embeddable":true,"href":"https:\/\/murter-online.com\/hr\/wp-json\/wp\/v2\/product_brand?post=52818"},{"taxonomy":"product_cat","embeddable":true,"href":"https:\/\/murter-online.com\/hr\/wp-json\/wp\/v2\/product_cat?post=52818"},{"taxonomy":"product_tag","embeddable":true,"href":"https:\/\/murter-online.com\/hr\/wp-json\/wp\/v2\/product_tag?post=52818"}],"curies":[{"name":"wp","href":"https:\/\/api.w.org\/{rel}","templated":true}]}}